{"id":1583,"date":"2022-06-21T10:06:12","date_gmt":"2022-06-21T14:06:12","guid":{"rendered":"https:\/\/www.histoirederawdon.ca\/?page_id=1583"},"modified":"2024-06-12T14:50:41","modified_gmt":"2024-06-12T18:50:41","slug":"les-eglises","status":"publish","type":"page","link":"https:\/\/www.histoirederawdon.ca\/en\/la-vie-communautaire\/les-eglises\/","title":{"rendered":"Churches"},"content":{"rendered":"<div data-elementor-type=\"wp-page\" data-elementor-id=\"1583\" class=\"elementor elementor-1583\">\n\t\t\t\t\t\t<section class=\"elementor-section elementor-top-section elementor-element elementor-element-15f3bce elementor-section-boxed elementor-section-height-default elementor-section-height-default\" data-id=\"15f3bce\" data-element_type=\"section\">\n\t\t\t\t\t\t<div class=\"elementor-container elementor-column-gap-default\">\n\t\t\t\t\t<div class=\"elementor-column elementor-col-100 elementor-top-column elementor-element elementor-element-a824da0\" data-id=\"a824da0\" data-element_type=\"column\">\n\t\t\t<div class=\"elementor-widget-wrap elementor-element-populated\">\n\t\t\t\t\t\t<div class=\"elementor-element elementor-element-2047efc elementor-widget elementor-widget-text-editor\" data-id=\"2047efc\" data-element_type=\"widget\" data-widget_type=\"text-editor.default\">\n\t\t\t\t<div class=\"elementor-widget-container\">\n\t\t\t\t\t\t\t\t\t<p>Rawdon\u2019s multi-ethnic character is not only reflected in its culture. Its religious history is also strongly influenced by it. Thus, over the years, the different ethnic groups in Rawdon have raised no fewer than six churches of different faiths.<em>.<\/em><em>\u00a0<\/em><\/p><p><em>A mosaic of religions<\/em><\/p><p>Some of them have kept their authenticity and are still active: Catholic (1820), Anglican (1821) and Russian Orthodox (1958). Others have had to unite in order to survive. This is notably the case of the Presbyterian (1832) and Methodist (1838) churches, which got together to form the United Church in 1925. Others simply died out for lack of worshippers: Baptist (1820) and Episcopal (1832).<\/p>\t\t\t\t\t\t\t\t<\/div>\n\t\t\t\t<\/div>\n\t\t\t\t\t<\/div>\n\t\t<\/div>\n\t\t\t\t\t<\/div>\n\t\t<\/section>\n\t\t\t\t<section class=\"elementor-section elementor-top-section elementor-element elementor-element-996da52 elementor-section-boxed elementor-section-height-default elementor-section-height-default\" data-id=\"996da52\" data-element_type=\"section\">\n\t\t\t\t\t\t<div class=\"elementor-container elementor-column-gap-default\">\n\t\t\t\t\t<div class=\"elementor-column elementor-col-100 elementor-top-column elementor-element elementor-element-a4078b1\" data-id=\"a4078b1\" data-element_type=\"column\">\n\t\t\t<div class=\"elementor-widget-wrap elementor-element-populated\">\n\t\t\t\t\t\t<div class=\"elementor-element elementor-element-48bd6f7 elementor-widget elementor-widget-text-editor\" data-id=\"48bd6f7\" data-element_type=\"widget\" data-widget_type=\"text-editor.default\">\n\t\t\t\t<div class=\"elementor-widget-container\">\n\t\t\t\t\t\t\t\t\t<p>By faiths and alphabetical letters, the following pages present these chapels and churches :<\/p><ul><li><a href=\"https:\/\/www.histoirederawdon.ca\/en\/leglise-anglicane-christ-church\/\">Anglican<\/a><\/li><li><a href=\"https:\/\/www.histoirederawdon.ca\/en\/leglise-catholique\/\">Catholic<\/a><\/li><li><a href=\"https:\/\/www.histoirederawdon.ca\/en\/leglise-methodiste\/\">Methodist<\/a><\/li><li><a href=\"https:\/\/www.histoirederawdon.ca\/en\/leglise-orthodoxe-russe\/\">Russian Orthodox<\/a><\/li><li><a href=\"https:\/\/www.histoirederawdon.ca\/en\/leglise-presbyterienne\/\">Presbyterian<\/a><\/li><li><a href=\"https:\/\/www.histoirederawdon.ca\/en\/leglise-unie-du-canada\/\">United Church\/\u00c9glise Unie<\/a><\/li><\/ul>\t\t\t\t\t\t\t\t<\/div>\n\t\t\t\t<\/div>\n\t\t\t\t\t<\/div>\n\t\t<\/div>\n\t\t\t\t\t<\/div>\n\t\t<\/section>\n\t\t\t\t<\/div>","protected":false},"excerpt":{"rendered":"<p>Le caract\u00e8re multiethnique de Rawdon ne se refl\u00e8te pas seulement dans sa culture. Son histoire religieuse en est aussi fortement teint\u00e9e. Ainsi, au fil des ans, les diff\u00e9rents groupes ethniques de Rawdon ont \u00e9lev\u00e9 pas moins de six \u00e9glises de croyances diff\u00e9rentes.\u00a0 Une mosa\u00efque de religions Certaines ont su conserver leur authenticit\u00e9 et sont toujours [&hellip;]<\/p>","protected":false},"author":1,"featured_media":0,"parent":1559,"menu_order":0,"comment_status":"closed","ping_status":"closed","template":"","meta":{"ocean_post_layout":"","ocean_both_sidebars_style":"","ocean_both_sidebars_content_width":0,"ocean_both_sidebars_sidebars_width":0,"ocean_sidebar":"0","ocean_second_sidebar":"0","ocean_disable_margins":"enable","ocean_add_body_class":"","ocean_shortcode_before_top_bar":"","ocean_shortcode_after_top_bar":"","ocean_shortcode_before_header":"","ocean_shortcode_after_header":"","ocean_has_shortcode":"","ocean_shortcode_after_title":"","ocean_shortcode_before_footer_widgets":"","ocean_shortcode_after_footer_widgets":"","ocean_shortcode_before_footer_bottom":"","ocean_shortcode_after_footer_bottom":"","ocean_display_top_bar":"default","ocean_display_header":"default","ocean_header_style":"","ocean_center_header_left_menu":"0","ocean_custom_header_template":"0","ocean_custom_logo":0,"ocean_custom_retina_logo":0,"ocean_custom_logo_max_width":0,"ocean_custom_logo_tablet_max_width":0,"ocean_custom_logo_mobile_max_width":0,"ocean_custom_logo_max_height":0,"ocean_custom_logo_tablet_max_height":0,"ocean_custom_logo_mobile_max_height":0,"ocean_header_custom_menu":"0","ocean_menu_typo_font_family":"0","ocean_menu_typo_font_subset":"","ocean_menu_typo_font_size":0,"ocean_menu_typo_font_size_tablet":0,"ocean_menu_typo_font_size_mobile":0,"ocean_menu_typo_font_size_unit":"px","ocean_menu_typo_font_weight":"","ocean_menu_typo_font_weight_tablet":"","ocean_menu_typo_font_weight_mobile":"","ocean_menu_typo_transform":"","ocean_menu_typo_transform_tablet":"","ocean_menu_typo_transform_mobile":"","ocean_menu_typo_line_height":0,"ocean_menu_typo_line_height_tablet":0,"ocean_menu_typo_line_height_mobile":0,"ocean_menu_typo_line_height_unit":"","ocean_menu_typo_spacing":0,"ocean_menu_typo_spacing_tablet":0,"ocean_menu_typo_spacing_mobile":0,"ocean_menu_typo_spacing_unit":"","ocean_menu_link_color":"","ocean_menu_link_color_hover":"","ocean_menu_link_color_active":"","ocean_menu_link_background":"","ocean_menu_link_hover_background":"","ocean_menu_link_active_background":"","ocean_menu_social_links_bg":"","ocean_menu_social_hover_links_bg":"","ocean_menu_social_links_color":"","ocean_menu_social_hover_links_color":"","ocean_disable_title":"default","ocean_disable_heading":"default","ocean_post_title":"","ocean_post_subheading":"","ocean_post_title_style":"","ocean_post_title_background_color":"","ocean_post_title_background":0,"ocean_post_title_bg_image_position":"","ocean_post_title_bg_image_attachment":"","ocean_post_title_bg_image_repeat":"","ocean_post_title_bg_image_size":"","ocean_post_title_height":0,"ocean_post_title_bg_overlay":0.5,"ocean_post_title_bg_overlay_color":"","ocean_disable_breadcrumbs":"default","ocean_breadcrumbs_color":"","ocean_breadcrumbs_separator_color":"","ocean_breadcrumbs_links_color":"","ocean_breadcrumbs_links_hover_color":"","ocean_display_footer_widgets":"default","ocean_display_footer_bottom":"default","ocean_custom_footer_template":"0","footnotes":""},"class_list":["post-1583","page","type-page","status-publish","hentry","entry"],"yoast_head":"<!-- This site is optimized with the Yoast SEO plugin v26.3 - https:\/\/yoast.com\/wordpress\/plugins\/seo\/ -->\n<title>Les \u00e9glises - Histoire de Rawdon<\/title>\n<meta name=\"description\" content=\"Rawdon dispose d\u2019au moins six \u00e9glises de diverses confessions. Cette page les identifie et des liens m\u00e8nent \u00e0 leur description et historique.\" \/>\n<meta name=\"robots\" content=\"index, follow, max-snippet:-1, max-image-preview:large, max-video-preview:-1\" \/>\n<link rel=\"canonical\" href=\"https:\/\/www.histoirederawdon.ca\/en\/la-vie-communautaire\/les-eglises\/\" \/>\n<meta property=\"og:locale\" content=\"en_US\" \/>\n<meta property=\"og:type\" content=\"article\" \/>\n<meta property=\"og:title\" content=\"Les \u00e9glises - Histoire de Rawdon\" \/>\n<meta property=\"og:description\" content=\"Rawdon dispose d\u2019au moins six \u00e9glises de diverses confessions. Cette page les identifie et des liens m\u00e8nent \u00e0 leur description et historique.\" \/>\n<meta property=\"og:url\" content=\"https:\/\/www.histoirederawdon.ca\/en\/la-vie-communautaire\/les-eglises\/\" \/>\n<meta property=\"og:site_name\" content=\"Histoire de Rawdon\" \/>\n<meta property=\"article:modified_time\" content=\"2024-06-12T18:50:41+00:00\" \/>\n<meta name=\"twitter:card\" content=\"summary_large_image\" \/>\n<meta name=\"twitter:label1\" content=\"Est. reading time\" \/>\n\t<meta name=\"twitter:data1\" content=\"1 minute\" \/>\n<script type=\"application\/ld+json\" class=\"yoast-schema-graph\">{\"@context\":\"https:\/\/schema.org\",\"@graph\":[{\"@type\":\"WebPage\",\"@id\":\"https:\/\/www.histoirederawdon.ca\/la-vie-communautaire\/les-eglises\/\",\"url\":\"https:\/\/www.histoirederawdon.ca\/la-vie-communautaire\/les-eglises\/\",\"name\":\"Les \u00e9glises - Histoire de Rawdon\",\"isPartOf\":{\"@id\":\"https:\/\/www.histoirederawdon.ca\/#website\"},\"datePublished\":\"2022-06-21T14:06:12+00:00\",\"dateModified\":\"2024-06-12T18:50:41+00:00\",\"description\":\"Rawdon dispose d\u2019au moins six \u00e9glises de diverses confessions. Cette page les identifie et des liens m\u00e8nent \u00e0 leur description et historique.\",\"breadcrumb\":{\"@id\":\"https:\/\/www.histoirederawdon.ca\/la-vie-communautaire\/les-eglises\/#breadcrumb\"},\"inLanguage\":\"en-CA\",\"potentialAction\":[{\"@type\":\"ReadAction\",\"target\":[\"https:\/\/www.histoirederawdon.ca\/la-vie-communautaire\/les-eglises\/\"]}]},{\"@type\":\"BreadcrumbList\",\"@id\":\"https:\/\/www.histoirederawdon.ca\/la-vie-communautaire\/les-eglises\/#breadcrumb\",\"itemListElement\":[{\"@type\":\"ListItem\",\"position\":1,\"name\":\"Accueil\",\"item\":\"https:\/\/www.histoirederawdon.ca\/\"},{\"@type\":\"ListItem\",\"position\":2,\"name\":\"Vie communautaire\",\"item\":\"https:\/\/www.histoirederawdon.ca\/la-vie-communautaire\/\"},{\"@type\":\"ListItem\",\"position\":3,\"name\":\"Les \u00e9glises\"}]},{\"@type\":\"WebSite\",\"@id\":\"https:\/\/www.histoirederawdon.ca\/#website\",\"url\":\"https:\/\/www.histoirederawdon.ca\/\",\"name\":\"Histoire de Rawdon\",\"description\":\"Patrimoine et communaut\u00e9s\",\"publisher\":{\"@id\":\"https:\/\/www.histoirederawdon.ca\/#organization\"},\"potentialAction\":[{\"@type\":\"SearchAction\",\"target\":{\"@type\":\"EntryPoint\",\"urlTemplate\":\"https:\/\/www.histoirederawdon.ca\/?s={search_term_string}\"},\"query-input\":{\"@type\":\"PropertyValueSpecification\",\"valueRequired\":true,\"valueName\":\"search_term_string\"}}],\"inLanguage\":\"en-CA\"},{\"@type\":\"Organization\",\"@id\":\"https:\/\/www.histoirederawdon.ca\/#organization\",\"name\":\"Soci\u00e9t\u00e9 d'histoire de Rawdon\",\"url\":\"https:\/\/www.histoirederawdon.ca\/\",\"logo\":{\"@type\":\"ImageObject\",\"inLanguage\":\"en-CA\",\"@id\":\"https:\/\/www.histoirederawdon.ca\/#\/schema\/logo\/image\/\",\"url\":\"https:\/\/www.histoirederawdon.ca\/wp-content\/uploads\/2022\/12\/SHR-LOGO-1.png\",\"contentUrl\":\"https:\/\/www.histoirederawdon.ca\/wp-content\/uploads\/2022\/12\/SHR-LOGO-1.png\",\"width\":744,\"height\":452,\"caption\":\"Soci\u00e9t\u00e9 d'histoire de Rawdon\"},\"image\":{\"@id\":\"https:\/\/www.histoirederawdon.ca\/#\/schema\/logo\/image\/\"}}]}<\/script>\n<!-- \/ Yoast SEO plugin. -->","yoast_head_json":{"title":"Les \u00e9glises - Histoire de Rawdon","description":"Rawdon dispose d\u2019au moins six \u00e9glises de diverses confessions. Cette page les identifie et des liens m\u00e8nent \u00e0 leur description et historique.","robots":{"index":"index","follow":"follow","max-snippet":"max-snippet:-1","max-image-preview":"max-image-preview:large","max-video-preview":"max-video-preview:-1"},"canonical":"https:\/\/www.histoirederawdon.ca\/en\/la-vie-communautaire\/les-eglises\/","og_locale":"en_US","og_type":"article","og_title":"Les \u00e9glises - Histoire de Rawdon","og_description":"Rawdon dispose d\u2019au moins six \u00e9glises de diverses confessions. Cette page les identifie et des liens m\u00e8nent \u00e0 leur description et historique.","og_url":"https:\/\/www.histoirederawdon.ca\/en\/la-vie-communautaire\/les-eglises\/","og_site_name":"Histoire de Rawdon","article_modified_time":"2024-06-12T18:50:41+00:00","twitter_card":"summary_large_image","twitter_misc":{"Est. reading time":"1 minute"},"schema":{"@context":"https:\/\/schema.org","@graph":[{"@type":"WebPage","@id":"https:\/\/www.histoirederawdon.ca\/la-vie-communautaire\/les-eglises\/","url":"https:\/\/www.histoirederawdon.ca\/la-vie-communautaire\/les-eglises\/","name":"Les \u00e9glises - Histoire de Rawdon","isPartOf":{"@id":"https:\/\/www.histoirederawdon.ca\/#website"},"datePublished":"2022-06-21T14:06:12+00:00","dateModified":"2024-06-12T18:50:41+00:00","description":"Rawdon dispose d\u2019au moins six \u00e9glises de diverses confessions. Cette page les identifie et des liens m\u00e8nent \u00e0 leur description et historique.","breadcrumb":{"@id":"https:\/\/www.histoirederawdon.ca\/la-vie-communautaire\/les-eglises\/#breadcrumb"},"inLanguage":"en-CA","potentialAction":[{"@type":"ReadAction","target":["https:\/\/www.histoirederawdon.ca\/la-vie-communautaire\/les-eglises\/"]}]},{"@type":"BreadcrumbList","@id":"https:\/\/www.histoirederawdon.ca\/la-vie-communautaire\/les-eglises\/#breadcrumb","itemListElement":[{"@type":"ListItem","position":1,"name":"Accueil","item":"https:\/\/www.histoirederawdon.ca\/"},{"@type":"ListItem","position":2,"name":"Vie communautaire","item":"https:\/\/www.histoirederawdon.ca\/la-vie-communautaire\/"},{"@type":"ListItem","position":3,"name":"Les \u00e9glises"}]},{"@type":"WebSite","@id":"https:\/\/www.histoirederawdon.ca\/#website","url":"https:\/\/www.histoirederawdon.ca\/","name":"Histoire de Rawdon","description":"Patrimoine et communaut\u00e9s","publisher":{"@id":"https:\/\/www.histoirederawdon.ca\/#organization"},"potentialAction":[{"@type":"SearchAction","target":{"@type":"EntryPoint","urlTemplate":"https:\/\/www.histoirederawdon.ca\/?s={search_term_string}"},"query-input":{"@type":"PropertyValueSpecification","valueRequired":true,"valueName":"search_term_string"}}],"inLanguage":"en-CA"},{"@type":"Organization","@id":"https:\/\/www.histoirederawdon.ca\/#organization","name":"Soci\u00e9t\u00e9 d'histoire de Rawdon","url":"https:\/\/www.histoirederawdon.ca\/","logo":{"@type":"ImageObject","inLanguage":"en-CA","@id":"https:\/\/www.histoirederawdon.ca\/#\/schema\/logo\/image\/","url":"https:\/\/www.histoirederawdon.ca\/wp-content\/uploads\/2022\/12\/SHR-LOGO-1.png","contentUrl":"https:\/\/www.histoirederawdon.ca\/wp-content\/uploads\/2022\/12\/SHR-LOGO-1.png","width":744,"height":452,"caption":"Soci\u00e9t\u00e9 d'histoire de Rawdon"},"image":{"@id":"https:\/\/www.histoirederawdon.ca\/#\/schema\/logo\/image\/"}}]}},"jetpack_sharing_enabled":true,"_links":{"self":[{"href":"https:\/\/www.histoirederawdon.ca\/en\/wp-json\/wp\/v2\/pages\/1583","targetHints":{"allow":["GET"]}}],"collection":[{"href":"https:\/\/www.histoirederawdon.ca\/en\/wp-json\/wp\/v2\/pages"}],"about":[{"href":"https:\/\/www.histoirederawdon.ca\/en\/wp-json\/wp\/v2\/types\/page"}],"author":[{"embeddable":true,"href":"https:\/\/www.histoirederawdon.ca\/en\/wp-json\/wp\/v2\/users\/1"}],"replies":[{"embeddable":true,"href":"https:\/\/www.histoirederawdon.ca\/en\/wp-json\/wp\/v2\/comments?post=1583"}],"version-history":[{"count":36,"href":"https:\/\/www.histoirederawdon.ca\/en\/wp-json\/wp\/v2\/pages\/1583\/revisions"}],"predecessor-version":[{"id":8723,"href":"https:\/\/www.histoirederawdon.ca\/en\/wp-json\/wp\/v2\/pages\/1583\/revisions\/8723"}],"up":[{"embeddable":true,"href":"https:\/\/www.histoirederawdon.ca\/en\/wp-json\/wp\/v2\/pages\/1559"}],"wp:attachment":[{"href":"https:\/\/www.histoirederawdon.ca\/en\/wp-json\/wp\/v2\/media?parent=1583"}],"curies":[{"name":"wp","href":"https:\/\/api.w.org\/{rel}","templated":true}]}}