{"id":2920,"date":"2023-01-31T09:36:38","date_gmt":"2023-01-31T13:36:38","guid":{"rendered":"https:\/\/www.histoirederawdon.ca\/?page_id=2920"},"modified":"2024-04-25T08:51:10","modified_gmt":"2024-04-25T12:51:10","slug":"les-etablissements-denseignement","status":"publish","type":"page","link":"https:\/\/www.histoirederawdon.ca\/en\/la-vie-communautaire\/les-etablissements-denseignement\/","title":{"rendered":"Schools"},"content":{"rendered":"<div data-elementor-type=\"wp-page\" data-elementor-id=\"2920\" class=\"elementor elementor-2920\">\n\t\t\t\t\t\t<section class=\"elementor-section elementor-top-section elementor-element elementor-element-6b00d0e elementor-section-boxed elementor-section-height-default elementor-section-height-default\" data-id=\"6b00d0e\" data-element_type=\"section\">\n\t\t\t\t\t\t<div class=\"elementor-container elementor-column-gap-default\">\n\t\t\t\t\t<div class=\"elementor-column elementor-col-100 elementor-top-column elementor-element elementor-element-6b19377\" data-id=\"6b19377\" data-element_type=\"column\">\n\t\t\t<div class=\"elementor-widget-wrap elementor-element-populated\">\n\t\t\t\t\t\t<div class=\"elementor-element elementor-element-f5850a8 elementor-widget elementor-widget-text-editor\" data-id=\"f5850a8\" data-element_type=\"widget\" data-widget_type=\"text-editor.default\">\n\t\t\t\t<div class=\"elementor-widget-container\">\n\t\t\t\t\t\t\t\t\t<p>The history of Rawdon\u2019s schools should probably start with a compilation of these schools, colleges and convents that have existed on the territory of Rawdon. Be they catholic, protestant, English or French, schools remain very present in the community.<\/p><p>To introduce them to you, a first article will take you back a few centuries and present Rawdon\u2019s first places of learning and schools:<\/p><ul><li><a href=\"https:\/\/www.histoirederawdon.ca\/en\/les-premieres-ecoles\/\">The first schools<\/a><\/li><\/ul><p>Inspired by religion, language of instruction and proximity of the populations to be served, this article looks at denominational schools and range schools, among others.<\/p><p>Some of these schools have long and interesting stories to tell. The following articles will undoubtedly bring back fond memories for many, as they deal with :<\/p><ul><li><a href=\"https:\/\/www.histoirederawdon.ca\/en\/lecole-saint-louis\/\">Saint-Louis School<\/a> and<\/li><li><a href=\"https:\/\/www.histoirederawdon.ca\/en\/couvent-sainte-anne-rawdon\/\">Saint Anne Convent<\/a><\/li><\/ul><p>Complementary pages present several unique facts about Rawdon's schools.\u00a0<\/p><ul><li><a href=\"https:\/\/www.histoirederawdon.ca\/en\/saviez-vous-que\/\">Did you know that...<\/a><\/li><\/ul><p>La page \u00ab\u00a0Saviez-vous que&#8230;\u00a0\u00bb\u00a0 donne davantage d&rsquo;information sur les \u00e9coles de rang, l&rsquo;enseignement dans les maisons et le d\u00e9veloppement des \u00e9coles anglophones et francophones \u00e0 Rawdon.<\/p><p>Over the coming months, more articles will be added regarding:<\/p><ul><li>Champagneur College<\/li><li>Sainte-Anne School<\/li><\/ul><p>If you can provide more information, feel free to contact us.<\/p><p><a href=\"https:\/\/www.histoirederawdon.ca\/en\/sources-dinformation\/\">Our sources of information can be found here<\/a>.<\/p>\t\t\t\t\t\t\t\t<\/div>\n\t\t\t\t<\/div>\n\t\t\t\t\t<\/div>\n\t\t<\/div>\n\t\t\t\t\t<\/div>\n\t\t<\/section>\n\t\t\t\t<\/div>","protected":false},"excerpt":{"rendered":"<p>L\u2019histoire des \u00e9tablissements d\u2019enseignement de Rawdon devrait probablement commencer par une compilation de ces \u00e9coles, coll\u00e8ge et couvent qui ont exist\u00e9 sur le territoire de Rawdon. Catholiques, protestants, anglophones ou francophones, les \u00e9tablissements d\u2019enseignement sont toujours tr\u00e8s pr\u00e9sents dans la communaut\u00e9. Pour vous les faire d\u00e9couvrir, un premier article retournera quelques si\u00e8cles en arri\u00e8re et [&hellip;]<\/p>","protected":false},"author":1,"featured_media":0,"parent":1559,"menu_order":0,"comment_status":"closed","ping_status":"closed","template":"","meta":{"ocean_post_layout":"","ocean_both_sidebars_style":"","ocean_both_sidebars_content_width":0,"ocean_both_sidebars_sidebars_width":0,"ocean_sidebar":"0","ocean_second_sidebar":"0","ocean_disable_margins":"enable","ocean_add_body_class":"","ocean_shortcode_before_top_bar":"","ocean_shortcode_after_top_bar":"","ocean_shortcode_before_header":"","ocean_shortcode_after_header":"","ocean_has_shortcode":"","ocean_shortcode_after_title":"","ocean_shortcode_before_footer_widgets":"","ocean_shortcode_after_footer_widgets":"","ocean_shortcode_before_footer_bottom":"","ocean_shortcode_after_footer_bottom":"","ocean_display_top_bar":"default","ocean_display_header":"default","ocean_header_style":"","ocean_center_header_left_menu":"0","ocean_custom_header_template":"0","ocean_custom_logo":0,"ocean_custom_retina_logo":0,"ocean_custom_logo_max_width":0,"ocean_custom_logo_tablet_max_width":0,"ocean_custom_logo_mobile_max_width":0,"ocean_custom_logo_max_height":0,"ocean_custom_logo_tablet_max_height":0,"ocean_custom_logo_mobile_max_height":0,"ocean_header_custom_menu":"0","ocean_menu_typo_font_family":"0","ocean_menu_typo_font_subset":"","ocean_menu_typo_font_size":0,"ocean_menu_typo_font_size_tablet":0,"ocean_menu_typo_font_size_mobile":0,"ocean_menu_typo_font_size_unit":"px","ocean_menu_typo_font_weight":"","ocean_menu_typo_font_weight_tablet":"","ocean_menu_typo_font_weight_mobile":"","ocean_menu_typo_transform":"","ocean_menu_typo_transform_tablet":"","ocean_menu_typo_transform_mobile":"","ocean_menu_typo_line_height":0,"ocean_menu_typo_line_height_tablet":0,"ocean_menu_typo_line_height_mobile":0,"ocean_menu_typo_line_height_unit":"","ocean_menu_typo_spacing":0,"ocean_menu_typo_spacing_tablet":0,"ocean_menu_typo_spacing_mobile":0,"ocean_menu_typo_spacing_unit":"","ocean_menu_link_color":"","ocean_menu_link_color_hover":"","ocean_menu_link_color_active":"","ocean_menu_link_background":"","ocean_menu_link_hover_background":"","ocean_menu_link_active_background":"","ocean_menu_social_links_bg":"","ocean_menu_social_hover_links_bg":"","ocean_menu_social_links_color":"","ocean_menu_social_hover_links_color":"","ocean_disable_title":"default","ocean_disable_heading":"default","ocean_post_title":"","ocean_post_subheading":"","ocean_post_title_style":"","ocean_post_title_background_color":"","ocean_post_title_background":0,"ocean_post_title_bg_image_position":"","ocean_post_title_bg_image_attachment":"","ocean_post_title_bg_image_repeat":"","ocean_post_title_bg_image_size":"","ocean_post_title_height":0,"ocean_post_title_bg_overlay":0.5,"ocean_post_title_bg_overlay_color":"","ocean_disable_breadcrumbs":"default","ocean_breadcrumbs_color":"","ocean_breadcrumbs_separator_color":"","ocean_breadcrumbs_links_color":"","ocean_breadcrumbs_links_hover_color":"","ocean_display_footer_widgets":"default","ocean_display_footer_bottom":"default","ocean_custom_footer_template":"0","footnotes":""},"class_list":["post-2920","page","type-page","status-publish","hentry","entry"],"yoast_head":"<!-- This site is optimized with the Yoast SEO plugin v26.3 - https:\/\/yoast.com\/wordpress\/plugins\/seo\/ -->\n<title>Les \u00e9tablissements d&#039;enseignement - Histoire de Rawdon<\/title>\n<meta name=\"description\" content=\"Cette page pr\u00e9sente les \u00e9tablissements d\u2019enseignement et \u00e9coles de Rawdon et m\u00e8ne \u00e0 des pages qui racontent l\u2019histoire de ces \u00e9tablissements.\" \/>\n<meta name=\"robots\" content=\"index, follow, max-snippet:-1, max-image-preview:large, max-video-preview:-1\" \/>\n<link rel=\"canonical\" href=\"https:\/\/www.histoirederawdon.ca\/en\/la-vie-communautaire\/les-etablissements-denseignement\/\" \/>\n<meta property=\"og:locale\" content=\"en_US\" \/>\n<meta property=\"og:type\" content=\"article\" \/>\n<meta property=\"og:title\" content=\"Les \u00e9tablissements d&#039;enseignement - Histoire de Rawdon\" \/>\n<meta property=\"og:description\" content=\"Cette page pr\u00e9sente les \u00e9tablissements d\u2019enseignement et \u00e9coles de Rawdon et m\u00e8ne \u00e0 des pages qui racontent l\u2019histoire de ces \u00e9tablissements.\" \/>\n<meta property=\"og:url\" content=\"https:\/\/www.histoirederawdon.ca\/en\/la-vie-communautaire\/les-etablissements-denseignement\/\" \/>\n<meta property=\"og:site_name\" content=\"Histoire de Rawdon\" \/>\n<meta property=\"article:modified_time\" content=\"2024-04-25T12:51:10+00:00\" \/>\n<meta name=\"twitter:card\" content=\"summary_large_image\" \/>\n<meta name=\"twitter:label1\" content=\"Est. reading time\" \/>\n\t<meta name=\"twitter:data1\" content=\"2 minutes\" \/>\n<script type=\"application\/ld+json\" class=\"yoast-schema-graph\">{\"@context\":\"https:\/\/schema.org\",\"@graph\":[{\"@type\":\"WebPage\",\"@id\":\"https:\/\/www.histoirederawdon.ca\/la-vie-communautaire\/les-etablissements-denseignement\/\",\"url\":\"https:\/\/www.histoirederawdon.ca\/la-vie-communautaire\/les-etablissements-denseignement\/\",\"name\":\"Les \u00e9tablissements d'enseignement - Histoire de Rawdon\",\"isPartOf\":{\"@id\":\"https:\/\/www.histoirederawdon.ca\/#website\"},\"datePublished\":\"2023-01-31T13:36:38+00:00\",\"dateModified\":\"2024-04-25T12:51:10+00:00\",\"description\":\"Cette page pr\u00e9sente les \u00e9tablissements d\u2019enseignement et \u00e9coles de Rawdon et m\u00e8ne \u00e0 des pages qui racontent l\u2019histoire de ces \u00e9tablissements.\",\"breadcrumb\":{\"@id\":\"https:\/\/www.histoirederawdon.ca\/la-vie-communautaire\/les-etablissements-denseignement\/#breadcrumb\"},\"inLanguage\":\"en-CA\",\"potentialAction\":[{\"@type\":\"ReadAction\",\"target\":[\"https:\/\/www.histoirederawdon.ca\/la-vie-communautaire\/les-etablissements-denseignement\/\"]}]},{\"@type\":\"BreadcrumbList\",\"@id\":\"https:\/\/www.histoirederawdon.ca\/la-vie-communautaire\/les-etablissements-denseignement\/#breadcrumb\",\"itemListElement\":[{\"@type\":\"ListItem\",\"position\":1,\"name\":\"Accueil\",\"item\":\"https:\/\/www.histoirederawdon.ca\/\"},{\"@type\":\"ListItem\",\"position\":2,\"name\":\"Vie communautaire\",\"item\":\"https:\/\/www.histoirederawdon.ca\/la-vie-communautaire\/\"},{\"@type\":\"ListItem\",\"position\":3,\"name\":\"Les \u00e9tablissements d&rsquo;enseignement\"}]},{\"@type\":\"WebSite\",\"@id\":\"https:\/\/www.histoirederawdon.ca\/#website\",\"url\":\"https:\/\/www.histoirederawdon.ca\/\",\"name\":\"Histoire de Rawdon\",\"description\":\"Patrimoine et communaut\u00e9s\",\"publisher\":{\"@id\":\"https:\/\/www.histoirederawdon.ca\/#organization\"},\"potentialAction\":[{\"@type\":\"SearchAction\",\"target\":{\"@type\":\"EntryPoint\",\"urlTemplate\":\"https:\/\/www.histoirederawdon.ca\/?s={search_term_string}\"},\"query-input\":{\"@type\":\"PropertyValueSpecification\",\"valueRequired\":true,\"valueName\":\"search_term_string\"}}],\"inLanguage\":\"en-CA\"},{\"@type\":\"Organization\",\"@id\":\"https:\/\/www.histoirederawdon.ca\/#organization\",\"name\":\"Soci\u00e9t\u00e9 d'histoire de Rawdon\",\"url\":\"https:\/\/www.histoirederawdon.ca\/\",\"logo\":{\"@type\":\"ImageObject\",\"inLanguage\":\"en-CA\",\"@id\":\"https:\/\/www.histoirederawdon.ca\/#\/schema\/logo\/image\/\",\"url\":\"https:\/\/www.histoirederawdon.ca\/wp-content\/uploads\/2022\/12\/SHR-LOGO-1.png\",\"contentUrl\":\"https:\/\/www.histoirederawdon.ca\/wp-content\/uploads\/2022\/12\/SHR-LOGO-1.png\",\"width\":744,\"height\":452,\"caption\":\"Soci\u00e9t\u00e9 d'histoire de Rawdon\"},\"image\":{\"@id\":\"https:\/\/www.histoirederawdon.ca\/#\/schema\/logo\/image\/\"}}]}<\/script>\n<!-- \/ Yoast SEO plugin. -->","yoast_head_json":{"title":"Les \u00e9tablissements d'enseignement - Histoire de Rawdon","description":"Cette page pr\u00e9sente les \u00e9tablissements d\u2019enseignement et \u00e9coles de Rawdon et m\u00e8ne \u00e0 des pages qui racontent l\u2019histoire de ces \u00e9tablissements.","robots":{"index":"index","follow":"follow","max-snippet":"max-snippet:-1","max-image-preview":"max-image-preview:large","max-video-preview":"max-video-preview:-1"},"canonical":"https:\/\/www.histoirederawdon.ca\/en\/la-vie-communautaire\/les-etablissements-denseignement\/","og_locale":"en_US","og_type":"article","og_title":"Les \u00e9tablissements d'enseignement - Histoire de Rawdon","og_description":"Cette page pr\u00e9sente les \u00e9tablissements d\u2019enseignement et \u00e9coles de Rawdon et m\u00e8ne \u00e0 des pages qui racontent l\u2019histoire de ces \u00e9tablissements.","og_url":"https:\/\/www.histoirederawdon.ca\/en\/la-vie-communautaire\/les-etablissements-denseignement\/","og_site_name":"Histoire de Rawdon","article_modified_time":"2024-04-25T12:51:10+00:00","twitter_card":"summary_large_image","twitter_misc":{"Est. reading time":"2 minutes"},"schema":{"@context":"https:\/\/schema.org","@graph":[{"@type":"WebPage","@id":"https:\/\/www.histoirederawdon.ca\/la-vie-communautaire\/les-etablissements-denseignement\/","url":"https:\/\/www.histoirederawdon.ca\/la-vie-communautaire\/les-etablissements-denseignement\/","name":"Les \u00e9tablissements d'enseignement - Histoire de Rawdon","isPartOf":{"@id":"https:\/\/www.histoirederawdon.ca\/#website"},"datePublished":"2023-01-31T13:36:38+00:00","dateModified":"2024-04-25T12:51:10+00:00","description":"Cette page pr\u00e9sente les \u00e9tablissements d\u2019enseignement et \u00e9coles de Rawdon et m\u00e8ne \u00e0 des pages qui racontent l\u2019histoire de ces \u00e9tablissements.","breadcrumb":{"@id":"https:\/\/www.histoirederawdon.ca\/la-vie-communautaire\/les-etablissements-denseignement\/#breadcrumb"},"inLanguage":"en-CA","potentialAction":[{"@type":"ReadAction","target":["https:\/\/www.histoirederawdon.ca\/la-vie-communautaire\/les-etablissements-denseignement\/"]}]},{"@type":"BreadcrumbList","@id":"https:\/\/www.histoirederawdon.ca\/la-vie-communautaire\/les-etablissements-denseignement\/#breadcrumb","itemListElement":[{"@type":"ListItem","position":1,"name":"Accueil","item":"https:\/\/www.histoirederawdon.ca\/"},{"@type":"ListItem","position":2,"name":"Vie communautaire","item":"https:\/\/www.histoirederawdon.ca\/la-vie-communautaire\/"},{"@type":"ListItem","position":3,"name":"Les \u00e9tablissements d&rsquo;enseignement"}]},{"@type":"WebSite","@id":"https:\/\/www.histoirederawdon.ca\/#website","url":"https:\/\/www.histoirederawdon.ca\/","name":"Histoire de Rawdon","description":"Patrimoine et communaut\u00e9s","publisher":{"@id":"https:\/\/www.histoirederawdon.ca\/#organization"},"potentialAction":[{"@type":"SearchAction","target":{"@type":"EntryPoint","urlTemplate":"https:\/\/www.histoirederawdon.ca\/?s={search_term_string}"},"query-input":{"@type":"PropertyValueSpecification","valueRequired":true,"valueName":"search_term_string"}}],"inLanguage":"en-CA"},{"@type":"Organization","@id":"https:\/\/www.histoirederawdon.ca\/#organization","name":"Soci\u00e9t\u00e9 d'histoire de Rawdon","url":"https:\/\/www.histoirederawdon.ca\/","logo":{"@type":"ImageObject","inLanguage":"en-CA","@id":"https:\/\/www.histoirederawdon.ca\/#\/schema\/logo\/image\/","url":"https:\/\/www.histoirederawdon.ca\/wp-content\/uploads\/2022\/12\/SHR-LOGO-1.png","contentUrl":"https:\/\/www.histoirederawdon.ca\/wp-content\/uploads\/2022\/12\/SHR-LOGO-1.png","width":744,"height":452,"caption":"Soci\u00e9t\u00e9 d'histoire de Rawdon"},"image":{"@id":"https:\/\/www.histoirederawdon.ca\/#\/schema\/logo\/image\/"}}]}},"jetpack_sharing_enabled":true,"_links":{"self":[{"href":"https:\/\/www.histoirederawdon.ca\/en\/wp-json\/wp\/v2\/pages\/2920","targetHints":{"allow":["GET"]}}],"collection":[{"href":"https:\/\/www.histoirederawdon.ca\/en\/wp-json\/wp\/v2\/pages"}],"about":[{"href":"https:\/\/www.histoirederawdon.ca\/en\/wp-json\/wp\/v2\/types\/page"}],"author":[{"embeddable":true,"href":"https:\/\/www.histoirederawdon.ca\/en\/wp-json\/wp\/v2\/users\/1"}],"replies":[{"embeddable":true,"href":"https:\/\/www.histoirederawdon.ca\/en\/wp-json\/wp\/v2\/comments?post=2920"}],"version-history":[{"count":73,"href":"https:\/\/www.histoirederawdon.ca\/en\/wp-json\/wp\/v2\/pages\/2920\/revisions"}],"predecessor-version":[{"id":7154,"href":"https:\/\/www.histoirederawdon.ca\/en\/wp-json\/wp\/v2\/pages\/2920\/revisions\/7154"}],"up":[{"embeddable":true,"href":"https:\/\/www.histoirederawdon.ca\/en\/wp-json\/wp\/v2\/pages\/1559"}],"wp:attachment":[{"href":"https:\/\/www.histoirederawdon.ca\/en\/wp-json\/wp\/v2\/media?parent=2920"}],"curies":[{"name":"wp","href":"https:\/\/api.w.org\/{rel}","templated":true}]}}