{"id":329,"date":"2022-05-29T21:29:35","date_gmt":"2022-05-30T01:29:35","guid":{"rendered":"https:\/\/www.histoirederawdon.ca\/?page_id=329"},"modified":"2024-06-05T23:26:14","modified_gmt":"2024-06-06T03:26:14","slug":"le-patrimoine","status":"publish","type":"page","link":"https:\/\/www.histoirederawdon.ca\/en\/histoire-rawdon\/le-patrimoine\/","title":{"rendered":"Our heritage"},"content":{"rendered":"<div data-elementor-type=\"wp-page\" data-elementor-id=\"329\" class=\"elementor elementor-329\">\n\t\t\t\t\t\t<section class=\"elementor-section elementor-top-section elementor-element elementor-element-1ea62e4 elementor-section-boxed elementor-section-height-default elementor-section-height-default\" data-id=\"1ea62e4\" data-element_type=\"section\">\n\t\t\t\t\t\t<div class=\"elementor-container elementor-column-gap-default\">\n\t\t\t\t\t<div class=\"elementor-column elementor-col-100 elementor-top-column elementor-element elementor-element-df34096\" data-id=\"df34096\" data-element_type=\"column\">\n\t\t\t<div class=\"elementor-widget-wrap elementor-element-populated\">\n\t\t\t\t\t\t<div class=\"elementor-element elementor-element-b44814e elementor-widget elementor-widget-text-editor\" data-id=\"b44814e\" data-element_type=\"widget\" data-widget_type=\"text-editor.default\">\n\t\t\t\t<div class=\"elementor-widget-container\">\n\t\t\t\t\t\t\t\t\t<p>Our ancestors settled on the territory of Rawdon and left us a diversified heritage. The following links will help you discover it from different angles.<\/p><ul><li>Its rich <a href=\"https:\/\/www.histoirederawdon.ca\/en\/?page_id=654&amp;preview=true\" target=\"_blank\" rel=\"noopener\">history <\/a>is told here.<\/li><li>Its <a href=\"https:\/\/www.histoirederawdon.ca\/en\/patrimoine-naturel\/\">natural heritage <\/a>, which must be preserved, includes magnificent landscapes, numerous lakes and rivers, majestic forests and many other features<\/li><li>\u00a0The real estate heritage or, would it be more judicious to call it architectural heritage, reflects the ethnic origins of the cultural communities that inhabit it<\/li><li>The human heritage presents characters who have marked the evolution of the territory.<\/li><\/ul>\t\t\t\t\t\t\t\t<\/div>\n\t\t\t\t<\/div>\n\t\t\t\t\t<\/div>\n\t\t<\/div>\n\t\t\t\t\t<\/div>\n\t\t<\/section>\n\t\t\t\t<\/div>","protected":false},"excerpt":{"rendered":"<p>Nos anc\u00eatres se sont install\u00e9s sur le territoire de Rawdon et nous ont l\u00e9gu\u00e9 un patrimoine diversifi\u00e9. Les liens suivants vous le feront d\u00e9couvrir sous diff\u00e9rents angles. Sa riche histoire y est racont\u00e9e. Son patrimoine naturel qu&rsquo;il importe de pr\u00e9server comprend des paysages magnifiques, de nombreux lacs et rivi\u00e8res, des for\u00eats majestueuses et plusieurs autres [&hellip;]<\/p>","protected":false},"author":1,"featured_media":0,"parent":5,"menu_order":0,"comment_status":"closed","ping_status":"closed","template":"","meta":{"ocean_post_layout":"","ocean_both_sidebars_style":"","ocean_both_sidebars_content_width":0,"ocean_both_sidebars_sidebars_width":0,"ocean_sidebar":"0","ocean_second_sidebar":"0","ocean_disable_margins":"enable","ocean_add_body_class":"","ocean_shortcode_before_top_bar":"","ocean_shortcode_after_top_bar":"","ocean_shortcode_before_header":"","ocean_shortcode_after_header":"","ocean_has_shortcode":"","ocean_shortcode_after_title":"","ocean_shortcode_before_footer_widgets":"","ocean_shortcode_after_footer_widgets":"","ocean_shortcode_before_footer_bottom":"","ocean_shortcode_after_footer_bottom":"","ocean_display_top_bar":"default","ocean_display_header":"default","ocean_header_style":"","ocean_center_header_left_menu":"0","ocean_custom_header_template":"0","ocean_custom_logo":0,"ocean_custom_retina_logo":0,"ocean_custom_logo_max_width":0,"ocean_custom_logo_tablet_max_width":0,"ocean_custom_logo_mobile_max_width":0,"ocean_custom_logo_max_height":0,"ocean_custom_logo_tablet_max_height":0,"ocean_custom_logo_mobile_max_height":0,"ocean_header_custom_menu":"0","ocean_menu_typo_font_family":"0","ocean_menu_typo_font_subset":"","ocean_menu_typo_font_size":0,"ocean_menu_typo_font_size_tablet":0,"ocean_menu_typo_font_size_mobile":0,"ocean_menu_typo_font_size_unit":"px","ocean_menu_typo_font_weight":"","ocean_menu_typo_font_weight_tablet":"","ocean_menu_typo_font_weight_mobile":"","ocean_menu_typo_transform":"","ocean_menu_typo_transform_tablet":"","ocean_menu_typo_transform_mobile":"","ocean_menu_typo_line_height":0,"ocean_menu_typo_line_height_tablet":0,"ocean_menu_typo_line_height_mobile":0,"ocean_menu_typo_line_height_unit":"","ocean_menu_typo_spacing":0,"ocean_menu_typo_spacing_tablet":0,"ocean_menu_typo_spacing_mobile":0,"ocean_menu_typo_spacing_unit":"","ocean_menu_link_color":"","ocean_menu_link_color_hover":"","ocean_menu_link_color_active":"","ocean_menu_link_background":"","ocean_menu_link_hover_background":"","ocean_menu_link_active_background":"","ocean_menu_social_links_bg":"","ocean_menu_social_hover_links_bg":"","ocean_menu_social_links_color":"","ocean_menu_social_hover_links_color":"","ocean_disable_title":"default","ocean_disable_heading":"default","ocean_post_title":"","ocean_post_subheading":"","ocean_post_title_style":"","ocean_post_title_background_color":"","ocean_post_title_background":0,"ocean_post_title_bg_image_position":"","ocean_post_title_bg_image_attachment":"","ocean_post_title_bg_image_repeat":"","ocean_post_title_bg_image_size":"","ocean_post_title_height":0,"ocean_post_title_bg_overlay":0.5,"ocean_post_title_bg_overlay_color":"","ocean_disable_breadcrumbs":"default","ocean_breadcrumbs_color":"","ocean_breadcrumbs_separator_color":"","ocean_breadcrumbs_links_color":"","ocean_breadcrumbs_links_hover_color":"","ocean_display_footer_widgets":"default","ocean_display_footer_bottom":"default","ocean_custom_footer_template":"0","footnotes":""},"class_list":["post-329","page","type-page","status-publish","hentry","entry"],"yoast_head":"<!-- This site is optimized with the Yoast SEO plugin v26.3 - https:\/\/yoast.com\/wordpress\/plugins\/seo\/ -->\n<title>Patrimoine - Histoire de Rawdon<\/title>\n<meta name=\"robots\" content=\"index, follow, max-snippet:-1, max-image-preview:large, max-video-preview:-1\" \/>\n<link rel=\"canonical\" href=\"https:\/\/www.histoirederawdon.ca\/en\/histoire-rawdon\/le-patrimoine\/\" \/>\n<meta property=\"og:locale\" content=\"en_US\" \/>\n<meta property=\"og:type\" content=\"article\" \/>\n<meta property=\"og:title\" content=\"Patrimoine - Histoire de Rawdon\" \/>\n<meta property=\"og:description\" content=\"Nos anc\u00eatres se sont install\u00e9s sur le territoire de Rawdon et nous ont l\u00e9gu\u00e9 un patrimoine diversifi\u00e9. Les liens suivants vous le feront d\u00e9couvrir sous diff\u00e9rents angles. Sa riche histoire y est racont\u00e9e. Son patrimoine naturel qu&rsquo;il importe de pr\u00e9server comprend des paysages magnifiques, de nombreux lacs et rivi\u00e8res, des for\u00eats majestueuses et plusieurs autres [&hellip;]\" \/>\n<meta property=\"og:url\" content=\"https:\/\/www.histoirederawdon.ca\/en\/histoire-rawdon\/le-patrimoine\/\" \/>\n<meta property=\"og:site_name\" content=\"Histoire de Rawdon\" \/>\n<meta property=\"article:modified_time\" content=\"2024-06-06T03:26:14+00:00\" \/>\n<meta name=\"twitter:card\" content=\"summary_large_image\" \/>\n<meta name=\"twitter:label1\" content=\"Est. reading time\" \/>\n\t<meta name=\"twitter:data1\" content=\"1 minute\" \/>\n<script type=\"application\/ld+json\" class=\"yoast-schema-graph\">{\"@context\":\"https:\/\/schema.org\",\"@graph\":[{\"@type\":\"WebPage\",\"@id\":\"https:\/\/www.histoirederawdon.ca\/histoire-rawdon\/le-patrimoine\/\",\"url\":\"https:\/\/www.histoirederawdon.ca\/histoire-rawdon\/le-patrimoine\/\",\"name\":\"Patrimoine - Histoire de Rawdon\",\"isPartOf\":{\"@id\":\"https:\/\/www.histoirederawdon.ca\/#website\"},\"datePublished\":\"2022-05-30T01:29:35+00:00\",\"dateModified\":\"2024-06-06T03:26:14+00:00\",\"breadcrumb\":{\"@id\":\"https:\/\/www.histoirederawdon.ca\/histoire-rawdon\/le-patrimoine\/#breadcrumb\"},\"inLanguage\":\"en-CA\",\"potentialAction\":[{\"@type\":\"ReadAction\",\"target\":[\"https:\/\/www.histoirederawdon.ca\/histoire-rawdon\/le-patrimoine\/\"]}]},{\"@type\":\"BreadcrumbList\",\"@id\":\"https:\/\/www.histoirederawdon.ca\/histoire-rawdon\/le-patrimoine\/#breadcrumb\",\"itemListElement\":[{\"@type\":\"ListItem\",\"position\":1,\"name\":\"Accueil\",\"item\":\"https:\/\/www.histoirederawdon.ca\/\"},{\"@type\":\"ListItem\",\"position\":2,\"name\":\"Bienvenue \u00e0 Rawdon\",\"item\":\"https:\/\/www.histoirederawdon.ca\/\"},{\"@type\":\"ListItem\",\"position\":3,\"name\":\"Patrimoine\"}]},{\"@type\":\"WebSite\",\"@id\":\"https:\/\/www.histoirederawdon.ca\/#website\",\"url\":\"https:\/\/www.histoirederawdon.ca\/\",\"name\":\"Histoire de Rawdon\",\"description\":\"Patrimoine et communaut\u00e9s\",\"publisher\":{\"@id\":\"https:\/\/www.histoirederawdon.ca\/#organization\"},\"potentialAction\":[{\"@type\":\"SearchAction\",\"target\":{\"@type\":\"EntryPoint\",\"urlTemplate\":\"https:\/\/www.histoirederawdon.ca\/?s={search_term_string}\"},\"query-input\":{\"@type\":\"PropertyValueSpecification\",\"valueRequired\":true,\"valueName\":\"search_term_string\"}}],\"inLanguage\":\"en-CA\"},{\"@type\":\"Organization\",\"@id\":\"https:\/\/www.histoirederawdon.ca\/#organization\",\"name\":\"Soci\u00e9t\u00e9 d'histoire de Rawdon\",\"url\":\"https:\/\/www.histoirederawdon.ca\/\",\"logo\":{\"@type\":\"ImageObject\",\"inLanguage\":\"en-CA\",\"@id\":\"https:\/\/www.histoirederawdon.ca\/#\/schema\/logo\/image\/\",\"url\":\"https:\/\/www.histoirederawdon.ca\/wp-content\/uploads\/2022\/12\/SHR-LOGO-1.png\",\"contentUrl\":\"https:\/\/www.histoirederawdon.ca\/wp-content\/uploads\/2022\/12\/SHR-LOGO-1.png\",\"width\":744,\"height\":452,\"caption\":\"Soci\u00e9t\u00e9 d'histoire de Rawdon\"},\"image\":{\"@id\":\"https:\/\/www.histoirederawdon.ca\/#\/schema\/logo\/image\/\"}}]}<\/script>\n<!-- \/ Yoast SEO plugin. -->","yoast_head_json":{"title":"Patrimoine - Histoire de Rawdon","robots":{"index":"index","follow":"follow","max-snippet":"max-snippet:-1","max-image-preview":"max-image-preview:large","max-video-preview":"max-video-preview:-1"},"canonical":"https:\/\/www.histoirederawdon.ca\/en\/histoire-rawdon\/le-patrimoine\/","og_locale":"en_US","og_type":"article","og_title":"Patrimoine - Histoire de Rawdon","og_description":"Nos anc\u00eatres se sont install\u00e9s sur le territoire de Rawdon et nous ont l\u00e9gu\u00e9 un patrimoine diversifi\u00e9. Les liens suivants vous le feront d\u00e9couvrir sous diff\u00e9rents angles. Sa riche histoire y est racont\u00e9e. Son patrimoine naturel qu&rsquo;il importe de pr\u00e9server comprend des paysages magnifiques, de nombreux lacs et rivi\u00e8res, des for\u00eats majestueuses et plusieurs autres [&hellip;]","og_url":"https:\/\/www.histoirederawdon.ca\/en\/histoire-rawdon\/le-patrimoine\/","og_site_name":"Histoire de Rawdon","article_modified_time":"2024-06-06T03:26:14+00:00","twitter_card":"summary_large_image","twitter_misc":{"Est. reading time":"1 minute"},"schema":{"@context":"https:\/\/schema.org","@graph":[{"@type":"WebPage","@id":"https:\/\/www.histoirederawdon.ca\/histoire-rawdon\/le-patrimoine\/","url":"https:\/\/www.histoirederawdon.ca\/histoire-rawdon\/le-patrimoine\/","name":"Patrimoine - Histoire de Rawdon","isPartOf":{"@id":"https:\/\/www.histoirederawdon.ca\/#website"},"datePublished":"2022-05-30T01:29:35+00:00","dateModified":"2024-06-06T03:26:14+00:00","breadcrumb":{"@id":"https:\/\/www.histoirederawdon.ca\/histoire-rawdon\/le-patrimoine\/#breadcrumb"},"inLanguage":"en-CA","potentialAction":[{"@type":"ReadAction","target":["https:\/\/www.histoirederawdon.ca\/histoire-rawdon\/le-patrimoine\/"]}]},{"@type":"BreadcrumbList","@id":"https:\/\/www.histoirederawdon.ca\/histoire-rawdon\/le-patrimoine\/#breadcrumb","itemListElement":[{"@type":"ListItem","position":1,"name":"Accueil","item":"https:\/\/www.histoirederawdon.ca\/"},{"@type":"ListItem","position":2,"name":"Bienvenue \u00e0 Rawdon","item":"https:\/\/www.histoirederawdon.ca\/"},{"@type":"ListItem","position":3,"name":"Patrimoine"}]},{"@type":"WebSite","@id":"https:\/\/www.histoirederawdon.ca\/#website","url":"https:\/\/www.histoirederawdon.ca\/","name":"Histoire de Rawdon","description":"Patrimoine et communaut\u00e9s","publisher":{"@id":"https:\/\/www.histoirederawdon.ca\/#organization"},"potentialAction":[{"@type":"SearchAction","target":{"@type":"EntryPoint","urlTemplate":"https:\/\/www.histoirederawdon.ca\/?s={search_term_string}"},"query-input":{"@type":"PropertyValueSpecification","valueRequired":true,"valueName":"search_term_string"}}],"inLanguage":"en-CA"},{"@type":"Organization","@id":"https:\/\/www.histoirederawdon.ca\/#organization","name":"Soci\u00e9t\u00e9 d'histoire de Rawdon","url":"https:\/\/www.histoirederawdon.ca\/","logo":{"@type":"ImageObject","inLanguage":"en-CA","@id":"https:\/\/www.histoirederawdon.ca\/#\/schema\/logo\/image\/","url":"https:\/\/www.histoirederawdon.ca\/wp-content\/uploads\/2022\/12\/SHR-LOGO-1.png","contentUrl":"https:\/\/www.histoirederawdon.ca\/wp-content\/uploads\/2022\/12\/SHR-LOGO-1.png","width":744,"height":452,"caption":"Soci\u00e9t\u00e9 d'histoire de Rawdon"},"image":{"@id":"https:\/\/www.histoirederawdon.ca\/#\/schema\/logo\/image\/"}}]}},"jetpack_sharing_enabled":true,"_links":{"self":[{"href":"https:\/\/www.histoirederawdon.ca\/en\/wp-json\/wp\/v2\/pages\/329","targetHints":{"allow":["GET"]}}],"collection":[{"href":"https:\/\/www.histoirederawdon.ca\/en\/wp-json\/wp\/v2\/pages"}],"about":[{"href":"https:\/\/www.histoirederawdon.ca\/en\/wp-json\/wp\/v2\/types\/page"}],"author":[{"embeddable":true,"href":"https:\/\/www.histoirederawdon.ca\/en\/wp-json\/wp\/v2\/users\/1"}],"replies":[{"embeddable":true,"href":"https:\/\/www.histoirederawdon.ca\/en\/wp-json\/wp\/v2\/comments?post=329"}],"version-history":[{"count":80,"href":"https:\/\/www.histoirederawdon.ca\/en\/wp-json\/wp\/v2\/pages\/329\/revisions"}],"predecessor-version":[{"id":8804,"href":"https:\/\/www.histoirederawdon.ca\/en\/wp-json\/wp\/v2\/pages\/329\/revisions\/8804"}],"up":[{"embeddable":true,"href":"https:\/\/www.histoirederawdon.ca\/en\/wp-json\/wp\/v2\/pages\/5"}],"wp:attachment":[{"href":"https:\/\/www.histoirederawdon.ca\/en\/wp-json\/wp\/v2\/media?parent=329"}],"curies":[{"name":"wp","href":"https:\/\/api.w.org\/{rel}","templated":true}]}}