{"id":3947,"date":"2023-05-16T16:20:35","date_gmt":"2023-05-16T20:20:35","guid":{"rendered":"https:\/\/www.histoirederawdon.ca\/?page_id=3947"},"modified":"2023-06-29T19:54:55","modified_gmt":"2023-06-29T23:54:55","slug":"recherches-en-cours","status":"publish","type":"page","link":"https:\/\/www.histoirederawdon.ca\/en\/recherches-en-cours\/","title":{"rendered":"Current Research"},"content":{"rendered":"<div data-elementor-type=\"wp-page\" data-elementor-id=\"3947\" class=\"elementor elementor-3947\">\n\t\t\t\t\t\t<section class=\"elementor-section elementor-top-section elementor-element elementor-element-bca620f elementor-section-boxed elementor-section-height-default elementor-section-height-default\" data-id=\"bca620f\" data-element_type=\"section\">\n\t\t\t\t\t\t<div class=\"elementor-container elementor-column-gap-default\">\n\t\t\t\t\t<div class=\"elementor-column elementor-col-100 elementor-top-column elementor-element elementor-element-4e12f7c\" data-id=\"4e12f7c\" data-element_type=\"column\">\n\t\t\t<div class=\"elementor-widget-wrap elementor-element-populated\">\n\t\t\t\t\t\t<div class=\"elementor-element elementor-element-8511dec elementor-widget elementor-widget-heading\" data-id=\"8511dec\" data-element_type=\"widget\" data-widget_type=\"heading.default\">\n\t\t\t\t<div class=\"elementor-widget-container\">\n\t\t\t\t\t<h2 class=\"elementor-heading-title elementor-size-default\">Research \u2013 Economic life<\/h2>\t\t\t\t<\/div>\n\t\t\t\t<\/div>\n\t\t\t\t\t<\/div>\n\t\t<\/div>\n\t\t\t\t\t<\/div>\n\t\t<\/section>\n\t\t\t\t<section class=\"elementor-section elementor-top-section elementor-element elementor-element-0b5d5ee elementor-section-boxed elementor-section-height-default elementor-section-height-default\" data-id=\"0b5d5ee\" data-element_type=\"section\">\n\t\t\t\t\t\t<div class=\"elementor-container elementor-column-gap-default\">\n\t\t\t\t\t<div class=\"elementor-column elementor-col-100 elementor-top-column elementor-element elementor-element-6cf2a01\" data-id=\"6cf2a01\" data-element_type=\"column\">\n\t\t\t<div class=\"elementor-widget-wrap elementor-element-populated\">\n\t\t\t\t\t\t<div class=\"elementor-element elementor-element-66c1512 elementor-widget elementor-widget-text-editor\" data-id=\"66c1512\" data-element_type=\"widget\" data-widget_type=\"text-editor.default\">\n\t\t\t\t<div class=\"elementor-widget-container\">\n\t\t\t\t\t\t\t\t\t<p>With an economy originally based on the exploitation of natural resources, no one will be surprised to learn that agriculture and forestry served to ensure the subsistence of the first settlers on the territory of Rawdon and provide them with adequate homes. The first ranges of the township of Rawdon (now on the territory belonging to Saint-Liguori and Sainte-Julienne) are located on the fertile lands suitable for agriculture of the St. Lawrence plain. The four rivers that cross the territory and the Laurentian forests that begin at the third and fourth ranges quickly led the first residents to build a sawmill and then a flour mill there. These forest and water resources subsequently gave rise to a significant forest industry, characterized by many sawmills, with Rawdon reportedly having more than ten of them. At the turn of the 20th century, these waterways allowed for the development of a hydroelectric plant on the Ouareau River. This plant provided enough electrical energy to power the territory of Rawdon and the surrounding municipalities. Afterwards, the availability of electric power, the development of more and more efficient means of transportation and the natural attractions of Rawdon contributed to strengthening the industrial sector and developing tourism. From the first sawmills, industry grew to include residential construction and became more diversified to meet the needs of the booming tourism sector. With its recreational tourism infrastructure, retail businesses and services for use by both residents and tourists, the service sector currently accounts for a significant share of employment in the municipality.<\/p><p>This section concerning the economic life on the territory of Rawdon will be enhanced as the research work progresses. This research should help elaborate on the following topics:<\/p><table><tbody><tr><td width=\"208\"><p>Agriculture<\/p><\/td><td width=\"208\"><p>Forestry<\/p><\/td><td width=\"208\"><p>Mills<\/p><\/td><\/tr><tr><td width=\"208\"><p>Electricity<\/p><\/td><td width=\"208\"><p>Industry<\/p><\/td><td width=\"208\"><p>Tourism<\/p><\/td><\/tr><tr><td width=\"208\"><p>Businesses<\/p><\/td><td width=\"208\"><p>Infrastructures<\/p><\/td><td width=\"208\"><p>Services<\/p><\/td><\/tr><\/tbody><\/table><p>Our objective is to present a relatively complete picture of the evolution of economic activity on the territory of Rawdon.<\/p>\t\t\t\t\t\t\t\t<\/div>\n\t\t\t\t<\/div>\n\t\t\t\t\t<\/div>\n\t\t<\/div>\n\t\t\t\t\t<\/div>\n\t\t<\/section>\n\t\t\t\t<section class=\"elementor-section elementor-top-section elementor-element elementor-element-e1e4b60 elementor-section-boxed elementor-section-height-default elementor-section-height-default\" data-id=\"e1e4b60\" data-element_type=\"section\">\n\t\t\t\t\t\t<div class=\"elementor-container elementor-column-gap-default\">\n\t\t\t\t\t<div class=\"elementor-column elementor-col-100 elementor-top-column elementor-element elementor-element-d3042ec\" data-id=\"d3042ec\" data-element_type=\"column\">\n\t\t\t<div class=\"elementor-widget-wrap elementor-element-populated\">\n\t\t\t\t\t\t<div class=\"elementor-element elementor-element-2dd2a4a elementor-widget elementor-widget-heading\" data-id=\"2dd2a4a\" data-element_type=\"widget\" data-widget_type=\"heading.default\">\n\t\t\t\t<div class=\"elementor-widget-container\">\n\t\t\t\t\t<h2 class=\"elementor-heading-title elementor-size-default\">Articles should be posted over the coming months.<\/h2>\t\t\t\t<\/div>\n\t\t\t\t<\/div>\n\t\t\t\t\t<\/div>\n\t\t<\/div>\n\t\t\t\t\t<\/div>\n\t\t<\/section>\n\t\t\t\t<\/div>","protected":false},"excerpt":{"rendered":"<p>Recherches &#8211; Vie \u00e9conomique Avec une \u00e9conomie bas\u00e9e initialement sur l\u2019exploitation des ressources naturelles, nul ne sera surpris d\u2019apprendre que l\u2019agriculture et l\u2019exploitation foresti\u00e8re permettront d\u2019assurer la subsistance et de procurer des logements ad\u00e9quats aux premiers occupants du territoire de Rawdon. Les premiers rangs du Canton de Rawdon (aujourd\u2019hui sur le territoire appartenant \u00e0 Saint-Liguori [&hellip;]<\/p>","protected":false},"author":1,"featured_media":0,"parent":0,"menu_order":0,"comment_status":"closed","ping_status":"closed","template":"","meta":{"ocean_post_layout":"","ocean_both_sidebars_style":"","ocean_both_sidebars_content_width":0,"ocean_both_sidebars_sidebars_width":0,"ocean_sidebar":"0","ocean_second_sidebar":"0","ocean_disable_margins":"enable","ocean_add_body_class":"","ocean_shortcode_before_top_bar":"","ocean_shortcode_after_top_bar":"","ocean_shortcode_before_header":"","ocean_shortcode_after_header":"","ocean_has_shortcode":"","ocean_shortcode_after_title":"","ocean_shortcode_before_footer_widgets":"","ocean_shortcode_after_footer_widgets":"","ocean_shortcode_before_footer_bottom":"","ocean_shortcode_after_footer_bottom":"","ocean_display_top_bar":"default","ocean_display_header":"default","ocean_header_style":"","ocean_center_header_left_menu":"0","ocean_custom_header_template":"0","ocean_custom_logo":0,"ocean_custom_retina_logo":0,"ocean_custom_logo_max_width":0,"ocean_custom_logo_tablet_max_width":0,"ocean_custom_logo_mobile_max_width":0,"ocean_custom_logo_max_height":0,"ocean_custom_logo_tablet_max_height":0,"ocean_custom_logo_mobile_max_height":0,"ocean_header_custom_menu":"0","ocean_menu_typo_font_family":"0","ocean_menu_typo_font_subset":"","ocean_menu_typo_font_size":0,"ocean_menu_typo_font_size_tablet":0,"ocean_menu_typo_font_size_mobile":0,"ocean_menu_typo_font_size_unit":"px","ocean_menu_typo_font_weight":"","ocean_menu_typo_font_weight_tablet":"","ocean_menu_typo_font_weight_mobile":"","ocean_menu_typo_transform":"","ocean_menu_typo_transform_tablet":"","ocean_menu_typo_transform_mobile":"","ocean_menu_typo_line_height":0,"ocean_menu_typo_line_height_tablet":0,"ocean_menu_typo_line_height_mobile":0,"ocean_menu_typo_line_height_unit":"","ocean_menu_typo_spacing":0,"ocean_menu_typo_spacing_tablet":0,"ocean_menu_typo_spacing_mobile":0,"ocean_menu_typo_spacing_unit":"","ocean_menu_link_color":"","ocean_menu_link_color_hover":"","ocean_menu_link_color_active":"","ocean_menu_link_background":"","ocean_menu_link_hover_background":"","ocean_menu_link_active_background":"","ocean_menu_social_links_bg":"","ocean_menu_social_hover_links_bg":"","ocean_menu_social_links_color":"","ocean_menu_social_hover_links_color":"","ocean_disable_title":"default","ocean_disable_heading":"default","ocean_post_title":"","ocean_post_subheading":"","ocean_post_title_style":"","ocean_post_title_background_color":"","ocean_post_title_background":0,"ocean_post_title_bg_image_position":"","ocean_post_title_bg_image_attachment":"","ocean_post_title_bg_image_repeat":"","ocean_post_title_bg_image_size":"","ocean_post_title_height":0,"ocean_post_title_bg_overlay":0.5,"ocean_post_title_bg_overlay_color":"","ocean_disable_breadcrumbs":"default","ocean_breadcrumbs_color":"","ocean_breadcrumbs_separator_color":"","ocean_breadcrumbs_links_color":"","ocean_breadcrumbs_links_hover_color":"","ocean_display_footer_widgets":"default","ocean_display_footer_bottom":"default","ocean_custom_footer_template":"0","footnotes":""},"class_list":["post-3947","page","type-page","status-publish","hentry","entry"],"yoast_head":"<!-- This site is optimized with the Yoast SEO plugin v26.3 - https:\/\/yoast.com\/wordpress\/plugins\/seo\/ -->\n<title>Recherches en cours - Histoire de Rawdon<\/title>\n<meta name=\"robots\" content=\"index, follow, max-snippet:-1, max-image-preview:large, max-video-preview:-1\" \/>\n<link rel=\"canonical\" href=\"https:\/\/www.histoirederawdon.ca\/en\/recherches-en-cours\/\" \/>\n<meta property=\"og:locale\" content=\"en_US\" \/>\n<meta property=\"og:type\" content=\"article\" \/>\n<meta property=\"og:title\" content=\"Recherches en cours - Histoire de Rawdon\" \/>\n<meta property=\"og:description\" content=\"Recherches &#8211; Vie \u00e9conomique Avec une \u00e9conomie bas\u00e9e initialement sur l\u2019exploitation des ressources naturelles, nul ne sera surpris d\u2019apprendre que l\u2019agriculture et l\u2019exploitation foresti\u00e8re permettront d\u2019assurer la subsistance et de procurer des logements ad\u00e9quats aux premiers occupants du territoire de Rawdon. Les premiers rangs du Canton de Rawdon (aujourd\u2019hui sur le territoire appartenant \u00e0 Saint-Liguori [&hellip;]\" \/>\n<meta property=\"og:url\" content=\"https:\/\/www.histoirederawdon.ca\/en\/recherches-en-cours\/\" \/>\n<meta property=\"og:site_name\" content=\"Histoire de Rawdon\" \/>\n<meta property=\"article:modified_time\" content=\"2023-06-29T23:54:55+00:00\" \/>\n<meta name=\"twitter:card\" content=\"summary_large_image\" \/>\n<meta name=\"twitter:label1\" content=\"Est. reading time\" \/>\n\t<meta name=\"twitter:data1\" content=\"2 minutes\" \/>\n<script type=\"application\/ld+json\" class=\"yoast-schema-graph\">{\"@context\":\"https:\/\/schema.org\",\"@graph\":[{\"@type\":\"WebPage\",\"@id\":\"https:\/\/www.histoirederawdon.ca\/recherches-en-cours\/\",\"url\":\"https:\/\/www.histoirederawdon.ca\/recherches-en-cours\/\",\"name\":\"Recherches en cours - Histoire de Rawdon\",\"isPartOf\":{\"@id\":\"https:\/\/www.histoirederawdon.ca\/#website\"},\"datePublished\":\"2023-05-16T20:20:35+00:00\",\"dateModified\":\"2023-06-29T23:54:55+00:00\",\"breadcrumb\":{\"@id\":\"https:\/\/www.histoirederawdon.ca\/recherches-en-cours\/#breadcrumb\"},\"inLanguage\":\"en-CA\",\"potentialAction\":[{\"@type\":\"ReadAction\",\"target\":[\"https:\/\/www.histoirederawdon.ca\/recherches-en-cours\/\"]}]},{\"@type\":\"BreadcrumbList\",\"@id\":\"https:\/\/www.histoirederawdon.ca\/recherches-en-cours\/#breadcrumb\",\"itemListElement\":[{\"@type\":\"ListItem\",\"position\":1,\"name\":\"Accueil\",\"item\":\"https:\/\/www.histoirederawdon.ca\/\"},{\"@type\":\"ListItem\",\"position\":2,\"name\":\"Recherches en cours\"}]},{\"@type\":\"WebSite\",\"@id\":\"https:\/\/www.histoirederawdon.ca\/#website\",\"url\":\"https:\/\/www.histoirederawdon.ca\/\",\"name\":\"Histoire de Rawdon\",\"description\":\"Patrimoine et communaut\u00e9s\",\"publisher\":{\"@id\":\"https:\/\/www.histoirederawdon.ca\/#organization\"},\"potentialAction\":[{\"@type\":\"SearchAction\",\"target\":{\"@type\":\"EntryPoint\",\"urlTemplate\":\"https:\/\/www.histoirederawdon.ca\/?s={search_term_string}\"},\"query-input\":{\"@type\":\"PropertyValueSpecification\",\"valueRequired\":true,\"valueName\":\"search_term_string\"}}],\"inLanguage\":\"en-CA\"},{\"@type\":\"Organization\",\"@id\":\"https:\/\/www.histoirederawdon.ca\/#organization\",\"name\":\"Soci\u00e9t\u00e9 d'histoire de Rawdon\",\"url\":\"https:\/\/www.histoirederawdon.ca\/\",\"logo\":{\"@type\":\"ImageObject\",\"inLanguage\":\"en-CA\",\"@id\":\"https:\/\/www.histoirederawdon.ca\/#\/schema\/logo\/image\/\",\"url\":\"https:\/\/www.histoirederawdon.ca\/wp-content\/uploads\/2022\/12\/SHR-LOGO-1.png\",\"contentUrl\":\"https:\/\/www.histoirederawdon.ca\/wp-content\/uploads\/2022\/12\/SHR-LOGO-1.png\",\"width\":744,\"height\":452,\"caption\":\"Soci\u00e9t\u00e9 d'histoire de Rawdon\"},\"image\":{\"@id\":\"https:\/\/www.histoirederawdon.ca\/#\/schema\/logo\/image\/\"}}]}<\/script>\n<!-- \/ Yoast SEO plugin. -->","yoast_head_json":{"title":"Recherches en cours - Histoire de Rawdon","robots":{"index":"index","follow":"follow","max-snippet":"max-snippet:-1","max-image-preview":"max-image-preview:large","max-video-preview":"max-video-preview:-1"},"canonical":"https:\/\/www.histoirederawdon.ca\/en\/recherches-en-cours\/","og_locale":"en_US","og_type":"article","og_title":"Recherches en cours - Histoire de Rawdon","og_description":"Recherches &#8211; Vie \u00e9conomique Avec une \u00e9conomie bas\u00e9e initialement sur l\u2019exploitation des ressources naturelles, nul ne sera surpris d\u2019apprendre que l\u2019agriculture et l\u2019exploitation foresti\u00e8re permettront d\u2019assurer la subsistance et de procurer des logements ad\u00e9quats aux premiers occupants du territoire de Rawdon. Les premiers rangs du Canton de Rawdon (aujourd\u2019hui sur le territoire appartenant \u00e0 Saint-Liguori [&hellip;]","og_url":"https:\/\/www.histoirederawdon.ca\/en\/recherches-en-cours\/","og_site_name":"Histoire de Rawdon","article_modified_time":"2023-06-29T23:54:55+00:00","twitter_card":"summary_large_image","twitter_misc":{"Est. reading time":"2 minutes"},"schema":{"@context":"https:\/\/schema.org","@graph":[{"@type":"WebPage","@id":"https:\/\/www.histoirederawdon.ca\/recherches-en-cours\/","url":"https:\/\/www.histoirederawdon.ca\/recherches-en-cours\/","name":"Recherches en cours - Histoire de Rawdon","isPartOf":{"@id":"https:\/\/www.histoirederawdon.ca\/#website"},"datePublished":"2023-05-16T20:20:35+00:00","dateModified":"2023-06-29T23:54:55+00:00","breadcrumb":{"@id":"https:\/\/www.histoirederawdon.ca\/recherches-en-cours\/#breadcrumb"},"inLanguage":"en-CA","potentialAction":[{"@type":"ReadAction","target":["https:\/\/www.histoirederawdon.ca\/recherches-en-cours\/"]}]},{"@type":"BreadcrumbList","@id":"https:\/\/www.histoirederawdon.ca\/recherches-en-cours\/#breadcrumb","itemListElement":[{"@type":"ListItem","position":1,"name":"Accueil","item":"https:\/\/www.histoirederawdon.ca\/"},{"@type":"ListItem","position":2,"name":"Recherches en cours"}]},{"@type":"WebSite","@id":"https:\/\/www.histoirederawdon.ca\/#website","url":"https:\/\/www.histoirederawdon.ca\/","name":"Histoire de Rawdon","description":"Patrimoine et communaut\u00e9s","publisher":{"@id":"https:\/\/www.histoirederawdon.ca\/#organization"},"potentialAction":[{"@type":"SearchAction","target":{"@type":"EntryPoint","urlTemplate":"https:\/\/www.histoirederawdon.ca\/?s={search_term_string}"},"query-input":{"@type":"PropertyValueSpecification","valueRequired":true,"valueName":"search_term_string"}}],"inLanguage":"en-CA"},{"@type":"Organization","@id":"https:\/\/www.histoirederawdon.ca\/#organization","name":"Soci\u00e9t\u00e9 d'histoire de Rawdon","url":"https:\/\/www.histoirederawdon.ca\/","logo":{"@type":"ImageObject","inLanguage":"en-CA","@id":"https:\/\/www.histoirederawdon.ca\/#\/schema\/logo\/image\/","url":"https:\/\/www.histoirederawdon.ca\/wp-content\/uploads\/2022\/12\/SHR-LOGO-1.png","contentUrl":"https:\/\/www.histoirederawdon.ca\/wp-content\/uploads\/2022\/12\/SHR-LOGO-1.png","width":744,"height":452,"caption":"Soci\u00e9t\u00e9 d'histoire de Rawdon"},"image":{"@id":"https:\/\/www.histoirederawdon.ca\/#\/schema\/logo\/image\/"}}]}},"jetpack_sharing_enabled":true,"_links":{"self":[{"href":"https:\/\/www.histoirederawdon.ca\/en\/wp-json\/wp\/v2\/pages\/3947","targetHints":{"allow":["GET"]}}],"collection":[{"href":"https:\/\/www.histoirederawdon.ca\/en\/wp-json\/wp\/v2\/pages"}],"about":[{"href":"https:\/\/www.histoirederawdon.ca\/en\/wp-json\/wp\/v2\/types\/page"}],"author":[{"embeddable":true,"href":"https:\/\/www.histoirederawdon.ca\/en\/wp-json\/wp\/v2\/users\/1"}],"replies":[{"embeddable":true,"href":"https:\/\/www.histoirederawdon.ca\/en\/wp-json\/wp\/v2\/comments?post=3947"}],"version-history":[{"count":10,"href":"https:\/\/www.histoirederawdon.ca\/en\/wp-json\/wp\/v2\/pages\/3947\/revisions"}],"predecessor-version":[{"id":4446,"href":"https:\/\/www.histoirederawdon.ca\/en\/wp-json\/wp\/v2\/pages\/3947\/revisions\/4446"}],"wp:attachment":[{"href":"https:\/\/www.histoirederawdon.ca\/en\/wp-json\/wp\/v2\/media?parent=3947"}],"curies":[{"name":"wp","href":"https:\/\/api.w.org\/{rel}","templated":true}]}}