{"id":4384,"date":"2023-06-29T12:47:51","date_gmt":"2023-06-29T16:47:51","guid":{"rendered":"https:\/\/www.histoirederawdon.ca\/?page_id=4384"},"modified":"2024-04-07T18:51:45","modified_gmt":"2024-04-07T22:51:45","slug":"rawdon-175-ans-dhistoire","status":"publish","type":"page","link":"https:\/\/www.histoirederawdon.ca\/en\/rawdon-175-ans-dhistoire\/","title":{"rendered":"Rawdon: 175 ans d\u2019histoire"},"content":{"rendered":"<div data-elementor-type=\"wp-page\" data-elementor-id=\"4384\" class=\"elementor elementor-4384\">\n\t\t\t\t\t\t<section class=\"elementor-section elementor-top-section elementor-element elementor-element-042751d elementor-section-boxed elementor-section-height-default elementor-section-height-default\" data-id=\"042751d\" data-element_type=\"section\">\n\t\t\t\t\t\t<div class=\"elementor-container elementor-column-gap-default\">\n\t\t\t\t\t<div class=\"elementor-column elementor-col-100 elementor-top-column elementor-element elementor-element-98eace0\" data-id=\"98eace0\" data-element_type=\"column\">\n\t\t\t<div class=\"elementor-widget-wrap elementor-element-populated\">\n\t\t\t\t\t\t<div class=\"elementor-element elementor-element-ad045f8 elementor-widget elementor-widget-heading\" data-id=\"ad045f8\" data-element_type=\"widget\" data-widget_type=\"heading.default\">\n\t\t\t\t<div class=\"elementor-widget-container\">\n\t\t\t\t\t<h2 class=\"elementor-heading-title elementor-size-default\">Rawdon : 175 ans d\u2019histoire, by Marcel Fournier, 1974<\/h2>\t\t\t\t<\/div>\n\t\t\t\t<\/div>\n\t\t\t\t\t<\/div>\n\t\t<\/div>\n\t\t\t\t\t<\/div>\n\t\t<\/section>\n\t\t\t\t<section class=\"elementor-section elementor-top-section elementor-element elementor-element-5692e72 elementor-section-boxed elementor-section-height-default elementor-section-height-default\" data-id=\"5692e72\" data-element_type=\"section\">\n\t\t\t\t\t\t<div class=\"elementor-container elementor-column-gap-default\">\n\t\t\t\t\t<div class=\"elementor-column elementor-col-50 elementor-top-column elementor-element elementor-element-7ed2dc3\" data-id=\"7ed2dc3\" data-element_type=\"column\">\n\t\t\t<div class=\"elementor-widget-wrap elementor-element-populated\">\n\t\t\t\t\t\t<div class=\"elementor-element elementor-element-7ecf95d elementor-widget elementor-widget-image\" data-id=\"7ecf95d\" data-element_type=\"widget\" data-widget_type=\"image.default\">\n\t\t\t\t<div class=\"elementor-widget-container\">\n\t\t\t\t\t\t\t\t\t\t\t\t\t\t\t<img fetchpriority=\"high\" decoding=\"async\" width=\"335\" height=\"494\" src=\"https:\/\/www.histoirederawdon.ca\/wp-content\/uploads\/2023\/06\/Couverture-du-livre.png\" class=\"attachment-large size-large wp-image-4387\" alt=\"\" srcset=\"https:\/\/www.histoirederawdon.ca\/wp-content\/uploads\/2023\/06\/Couverture-du-livre.png 335w, https:\/\/www.histoirederawdon.ca\/wp-content\/uploads\/2023\/06\/Couverture-du-livre-203x300.png 203w, https:\/\/www.histoirederawdon.ca\/wp-content\/uploads\/2023\/06\/Couverture-du-livre-8x12.png 8w\" sizes=\"(max-width: 335px) 100vw, 335px\" \/>\t\t\t\t\t\t\t\t\t\t\t\t\t\t\t<\/div>\n\t\t\t\t<\/div>\n\t\t\t\t\t<\/div>\n\t\t<\/div>\n\t\t\t\t<div class=\"elementor-column elementor-col-50 elementor-top-column elementor-element elementor-element-baa4fda\" data-id=\"baa4fda\" data-element_type=\"column\">\n\t\t\t<div class=\"elementor-widget-wrap elementor-element-populated\">\n\t\t\t\t\t\t<div class=\"elementor-element elementor-element-a61002c elementor-widget elementor-widget-text-editor\" data-id=\"a61002c\" data-element_type=\"widget\" data-widget_type=\"text-editor.default\">\n\t\t\t\t<div class=\"elementor-widget-container\">\n\t\t\t\t\t\t\t\t\t<p><span style=\"color: #800000;\">On June 21, 2023, the Soci\u00e9t\u00e9 d\u2019histoire de Rawdon obtained authorization from Mr. Marcel Fournier to digitize his book on the history of Rawdon entitled<em> Rawdon: 175 ans d\u2019histoire<\/em> publi\u00e9 en 1974 et \u00e0 le diffuser sur son site Internet.<\/span> La Soci\u00e9t\u00e9 d\u2019histoire de Rawdon a aussi obtenu la permission de mettre \u00e0 jour les informations contenues dans le livre.<\/p><p>The Soci\u00e9t\u00e9 d'histoire de Rawdon has digitized this book. It comprises 316 pages, including a 70-page summary in English. Downloading the digitized version in PDF format requires the transfer of 7.1 megabytes (MB).<\/p><p><span style=\"text-decoration: underline;\">Book content search<\/span><\/p><p>Un index analytique et une table des mati\u00e8res sont disponibles \u00e0 la fin du livre. A noter qu&rsquo;il est possible de trouver rapidement une information dans le livre t\u00e9l\u00e9charg\u00e9 en utilisant un t\u00e9l\u00e9phone portable, une tablette ou un ordinateur.\u00a0 A titre d&rsquo;exemple,\u00a0 si on utilise un ordinateur,\u00a0 cliquer sur le bouton \u00ab\u00a0T\u00e9l\u00e9charger le livre\u00a0\u00bb ensuite, avec le clavier de l&rsquo;ordinateur, enfoncer les touches CRTL F ; un champ de recherche apparait en haut \u00e0 droite de l&rsquo;\u00e9cran de l&rsquo;ordinateur; y taper le mot-cl\u00e9 d\u00e9sir\u00e9.\u00a0 \u00a0Cliquer sur la fl\u00e8che qui pointe vers le bas pour rep\u00e9rer le mot-cl\u00e9 qui sera surlign\u00e9 en couleur dans le texte.\u00a0 Par exemple,\u00a0 le mot-cl\u00e9 \u00ab\u00a0Dugas\u00a0\u00bb est disponible \u00e0 27 endroits.\u00a0<\/p>\t\t\t\t\t\t\t\t<\/div>\n\t\t\t\t<\/div>\n\t\t\t\t<div class=\"elementor-element elementor-element-a4b6e93 elementor-align-center elementor-widget elementor-widget-button\" data-id=\"a4b6e93\" data-element_type=\"widget\" data-widget_type=\"button.default\">\n\t\t\t\t<div class=\"elementor-widget-container\">\n\t\t\t\t\t\t\t\t\t<div class=\"elementor-button-wrapper\">\n\t\t\t\t\t<a class=\"elementor-button elementor-button-link elementor-size-sm\" href=\"https:\/\/www.histoirederawdon.ca\/wp-content\/uploads\/2023\/07\/RAWDON-175-ANS-DHISTOIRE-site-Web-7.1-mo.pdf\">\n\t\t\t\t\t\t<span class=\"elementor-button-content-wrapper\">\n\t\t\t\t\t\t\t\t\t<span class=\"elementor-button-text\">Download the book<\/span>\n\t\t\t\t\t<\/span>\n\t\t\t\t\t<\/a>\n\t\t\t\t<\/div>\n\t\t\t\t\t\t\t\t<\/div>\n\t\t\t\t<\/div>\n\t\t\t\t\t<\/div>\n\t\t<\/div>\n\t\t\t\t\t<\/div>\n\t\t<\/section>\n\t\t\t\t<section class=\"elementor-section elementor-top-section elementor-element elementor-element-654919e elementor-section-boxed elementor-section-height-default elementor-section-height-default\" data-id=\"654919e\" data-element_type=\"section\">\n\t\t\t\t\t\t<div class=\"elementor-container elementor-column-gap-default\">\n\t\t\t\t\t<div class=\"elementor-column elementor-col-100 elementor-top-column elementor-element elementor-element-7519314\" data-id=\"7519314\" data-element_type=\"column\">\n\t\t\t<div class=\"elementor-widget-wrap elementor-element-populated\">\n\t\t\t\t\t\t<div class=\"elementor-element elementor-element-9176033 elementor-widget elementor-widget-toggle\" data-id=\"9176033\" data-element_type=\"widget\" data-widget_type=\"toggle.default\">\n\t\t\t\t<div class=\"elementor-widget-container\">\n\t\t\t\t\t\t\t<div class=\"elementor-toggle\">\n\t\t\t\t\t\t\t<div class=\"elementor-toggle-item\">\n\t\t\t\t\t<div id=\"elementor-tab-title-1521\" class=\"elementor-tab-title\" data-tab=\"1\" role=\"button\" aria-controls=\"elementor-tab-content-1521\" aria-expanded=\"false\">\n\t\t\t\t\t\t\t\t\t\t\t\t<span class=\"elementor-toggle-icon elementor-toggle-icon-left\" aria-hidden=\"true\">\n\t\t\t\t\t\t\t\t\t\t\t\t\t\t\t<span class=\"elementor-toggle-icon-closed\"><i class=\"fas fa-caret-right\"><\/i><\/span>\n\t\t\t\t\t\t\t\t<span class=\"elementor-toggle-icon-opened\"><i class=\"elementor-toggle-icon-opened fas fa-caret-up\"><\/i><\/span>\n\t\t\t\t\t\t\t\t\t\t\t\t\t<\/span>\n\t\t\t\t\t\t\t\t\t\t\t\t<a class=\"elementor-toggle-title\" tabindex=\"0\">Marcel Fournier\u2019s biography<\/a>\n\t\t\t\t\t<\/div>\n\n\t\t\t\t\t<div id=\"elementor-tab-content-1521\" class=\"elementor-tab-content elementor-clearfix\" data-tab=\"1\" role=\"region\" aria-labelledby=\"elementor-tab-title-1521\"><p>Born in Sherbrooke in 1946, Marcel Fournier has lived in Longueuil, in the Mont\u00e9r\u00e9gie region, since 1974. A historian, author, speaker and genealogist emeritus, he has had an interest in history since 1970, particularly in the origins of our ancestors. He has authored 45 publications and 160 articles in the areas of history and genealogy published in different journals in Quebec and France. Marcel Fournier was president of the Soci\u00e9t\u00e9 g\u00e9n\u00e9alogique canadienne-fran\u00e7aise (French-Canadian genealogy society) from 1999 to 2006. From 2006 to 2009, he led the Projet Montcalm sur les soldats de la guerre de Sept Ans en Nouvelle-France (Montcalm project on the soldiers of the Seven Years\u2019 War in New France), a publication honoured with the Robert-Pr\u00e9vost award in 2011. From 1998 to 2016, he was the coordinator of the Fichier Origine (origin file). Between 2011 and 2014, he collaborated on two genealogy television series: <em>Le Qu\u00e9bec une histoire de famille<\/em> and to <em>Qui \u00eates-vous?<\/em> Recipient of several awards and distinctions, including the Archange-Godbout award, he was elected a full member of the International Academy of Genealogy in San Marino, in June 2001. From 2005 to 2019, he chaired the commemoration committee of the Commission franco-qu\u00e9b\u00e9coise sur les lieux de m\u00e9moire communs (France-Quebec commission on shared heritage sites). Marcel Fournier received the insignia of Officer of France\u2019s Ordre des Arts et des Lettres (order of arts and letters), on June 10, 2010. On February 17, 2012, he received the Prix des Dix award. In 2023, he received the Quebec Lieutenant Governor\u2019s Medal for his total body of work.<\/p><p>Source: https:\/\/www.marcel-fournier.com\/ - Translation by La Soci\u00e9t\u00e9 d'histoire de Rawdon<\/p><\/div>\n\t\t\t\t<\/div>\n\t\t\t\t\t\t\t\t<\/div>\n\t\t\t\t\t\t<\/div>\n\t\t\t\t<\/div>\n\t\t\t\t\t<\/div>\n\t\t<\/div>\n\t\t\t\t\t<\/div>\n\t\t<\/section>\n\t\t\t\t<section class=\"elementor-section elementor-top-section elementor-element elementor-element-5d1a1d9 elementor-section-boxed elementor-section-height-default elementor-section-height-default\" data-id=\"5d1a1d9\" data-element_type=\"section\">\n\t\t\t\t\t\t<div class=\"elementor-container elementor-column-gap-default\">\n\t\t\t\t\t<div class=\"elementor-column elementor-col-100 elementor-top-column elementor-element elementor-element-ddd309d\" data-id=\"ddd309d\" data-element_type=\"column\">\n\t\t\t<div class=\"elementor-widget-wrap elementor-element-populated\">\n\t\t\t\t\t\t\t<\/div>\n\t\t<\/div>\n\t\t\t\t\t<\/div>\n\t\t<\/section>\n\t\t\t\t<\/div>","protected":false},"excerpt":{"rendered":"<p>Rawdon : 175 ans d\u2019histoire par Marcel Fournier, 1974 La Soci\u00e9t\u00e9 d\u2019histoire de Rawdon a obtenu, le 21 juin 2023, de M. Marcel Fournier l\u2019autorisation de num\u00e9riser son livre sur l\u2019histoire de Rawdon intitul\u00e9 Rawdon: 175 ans d\u2019histoire publi\u00e9 en 1974 et \u00e0 le diffuser sur son site Internet. La Soci\u00e9t\u00e9 d\u2019histoire de Rawdon a [&hellip;]<\/p>","protected":false},"author":1,"featured_media":0,"parent":0,"menu_order":0,"comment_status":"closed","ping_status":"closed","template":"","meta":{"ocean_post_layout":"","ocean_both_sidebars_style":"","ocean_both_sidebars_content_width":0,"ocean_both_sidebars_sidebars_width":0,"ocean_sidebar":"0","ocean_second_sidebar":"0","ocean_disable_margins":"enable","ocean_add_body_class":"","ocean_shortcode_before_top_bar":"","ocean_shortcode_after_top_bar":"","ocean_shortcode_before_header":"","ocean_shortcode_after_header":"","ocean_has_shortcode":"","ocean_shortcode_after_title":"","ocean_shortcode_before_footer_widgets":"","ocean_shortcode_after_footer_widgets":"","ocean_shortcode_before_footer_bottom":"","ocean_shortcode_after_footer_bottom":"","ocean_display_top_bar":"default","ocean_display_header":"default","ocean_header_style":"","ocean_center_header_left_menu":"0","ocean_custom_header_template":"0","ocean_custom_logo":0,"ocean_custom_retina_logo":0,"ocean_custom_logo_max_width":0,"ocean_custom_logo_tablet_max_width":0,"ocean_custom_logo_mobile_max_width":0,"ocean_custom_logo_max_height":0,"ocean_custom_logo_tablet_max_height":0,"ocean_custom_logo_mobile_max_height":0,"ocean_header_custom_menu":"0","ocean_menu_typo_font_family":"0","ocean_menu_typo_font_subset":"","ocean_menu_typo_font_size":0,"ocean_menu_typo_font_size_tablet":0,"ocean_menu_typo_font_size_mobile":0,"ocean_menu_typo_font_size_unit":"px","ocean_menu_typo_font_weight":"","ocean_menu_typo_font_weight_tablet":"","ocean_menu_typo_font_weight_mobile":"","ocean_menu_typo_transform":"","ocean_menu_typo_transform_tablet":"","ocean_menu_typo_transform_mobile":"","ocean_menu_typo_line_height":0,"ocean_menu_typo_line_height_tablet":0,"ocean_menu_typo_line_height_mobile":0,"ocean_menu_typo_line_height_unit":"","ocean_menu_typo_spacing":0,"ocean_menu_typo_spacing_tablet":0,"ocean_menu_typo_spacing_mobile":0,"ocean_menu_typo_spacing_unit":"","ocean_menu_link_color":"","ocean_menu_link_color_hover":"","ocean_menu_link_color_active":"","ocean_menu_link_background":"","ocean_menu_link_hover_background":"","ocean_menu_link_active_background":"","ocean_menu_social_links_bg":"","ocean_menu_social_hover_links_bg":"","ocean_menu_social_links_color":"","ocean_menu_social_hover_links_color":"","ocean_disable_title":"default","ocean_disable_heading":"default","ocean_post_title":"","ocean_post_subheading":"","ocean_post_title_style":"","ocean_post_title_background_color":"","ocean_post_title_background":0,"ocean_post_title_bg_image_position":"","ocean_post_title_bg_image_attachment":"","ocean_post_title_bg_image_repeat":"","ocean_post_title_bg_image_size":"","ocean_post_title_height":0,"ocean_post_title_bg_overlay":0.5,"ocean_post_title_bg_overlay_color":"","ocean_disable_breadcrumbs":"default","ocean_breadcrumbs_color":"","ocean_breadcrumbs_separator_color":"","ocean_breadcrumbs_links_color":"","ocean_breadcrumbs_links_hover_color":"","ocean_display_footer_widgets":"default","ocean_display_footer_bottom":"default","ocean_custom_footer_template":"0","footnotes":""},"class_list":["post-4384","page","type-page","status-publish","hentry","entry"],"yoast_head":"<!-- This site is optimized with the Yoast SEO plugin v26.3 - https:\/\/yoast.com\/wordpress\/plugins\/seo\/ -->\n<title>Rawdon: 175 ans d&#039;histoire - Histoire de Rawdon<\/title>\n<meta name=\"robots\" content=\"index, follow, max-snippet:-1, max-image-preview:large, max-video-preview:-1\" \/>\n<link rel=\"canonical\" href=\"https:\/\/www.histoirederawdon.ca\/en\/rawdon-175-ans-dhistoire\/\" \/>\n<meta property=\"og:locale\" content=\"en_US\" \/>\n<meta property=\"og:type\" content=\"article\" \/>\n<meta property=\"og:title\" content=\"Rawdon: 175 ans d&#039;histoire - Histoire de Rawdon\" \/>\n<meta property=\"og:description\" content=\"Rawdon : 175 ans d\u2019histoire par Marcel Fournier, 1974 La Soci\u00e9t\u00e9 d\u2019histoire de Rawdon a obtenu, le 21 juin 2023, de M. Marcel Fournier l\u2019autorisation de num\u00e9riser son livre sur l\u2019histoire de Rawdon intitul\u00e9 Rawdon: 175 ans d\u2019histoire publi\u00e9 en 1974 et \u00e0 le diffuser sur son site Internet. La Soci\u00e9t\u00e9 d\u2019histoire de Rawdon a [&hellip;]\" \/>\n<meta property=\"og:url\" content=\"https:\/\/www.histoirederawdon.ca\/en\/rawdon-175-ans-dhistoire\/\" \/>\n<meta property=\"og:site_name\" content=\"Histoire de Rawdon\" \/>\n<meta property=\"article:modified_time\" content=\"2024-04-07T22:51:45+00:00\" \/>\n<meta property=\"og:image\" content=\"https:\/\/www.histoirederawdon.ca\/wp-content\/uploads\/2023\/06\/Couverture-du-livre.png\" \/>\n<meta name=\"twitter:card\" content=\"summary_large_image\" \/>\n<meta name=\"twitter:label1\" content=\"Est. reading time\" \/>\n\t<meta name=\"twitter:data1\" content=\"3 minutes\" \/>\n<script type=\"application\/ld+json\" class=\"yoast-schema-graph\">{\"@context\":\"https:\/\/schema.org\",\"@graph\":[{\"@type\":\"WebPage\",\"@id\":\"https:\/\/www.histoirederawdon.ca\/rawdon-175-ans-dhistoire\/\",\"url\":\"https:\/\/www.histoirederawdon.ca\/rawdon-175-ans-dhistoire\/\",\"name\":\"Rawdon: 175 ans d'histoire - Histoire de Rawdon\",\"isPartOf\":{\"@id\":\"https:\/\/www.histoirederawdon.ca\/#website\"},\"primaryImageOfPage\":{\"@id\":\"https:\/\/www.histoirederawdon.ca\/rawdon-175-ans-dhistoire\/#primaryimage\"},\"image\":{\"@id\":\"https:\/\/www.histoirederawdon.ca\/rawdon-175-ans-dhistoire\/#primaryimage\"},\"thumbnailUrl\":\"https:\/\/www.histoirederawdon.ca\/wp-content\/uploads\/2023\/06\/Couverture-du-livre.png\",\"datePublished\":\"2023-06-29T16:47:51+00:00\",\"dateModified\":\"2024-04-07T22:51:45+00:00\",\"breadcrumb\":{\"@id\":\"https:\/\/www.histoirederawdon.ca\/rawdon-175-ans-dhistoire\/#breadcrumb\"},\"inLanguage\":\"en-CA\",\"potentialAction\":[{\"@type\":\"ReadAction\",\"target\":[\"https:\/\/www.histoirederawdon.ca\/rawdon-175-ans-dhistoire\/\"]}]},{\"@type\":\"ImageObject\",\"inLanguage\":\"en-CA\",\"@id\":\"https:\/\/www.histoirederawdon.ca\/rawdon-175-ans-dhistoire\/#primaryimage\",\"url\":\"https:\/\/www.histoirederawdon.ca\/wp-content\/uploads\/2023\/06\/Couverture-du-livre.png\",\"contentUrl\":\"https:\/\/www.histoirederawdon.ca\/wp-content\/uploads\/2023\/06\/Couverture-du-livre.png\"},{\"@type\":\"BreadcrumbList\",\"@id\":\"https:\/\/www.histoirederawdon.ca\/rawdon-175-ans-dhistoire\/#breadcrumb\",\"itemListElement\":[{\"@type\":\"ListItem\",\"position\":1,\"name\":\"Accueil\",\"item\":\"https:\/\/www.histoirederawdon.ca\/\"},{\"@type\":\"ListItem\",\"position\":2,\"name\":\"Rawdon: 175 ans d&rsquo;histoire\"}]},{\"@type\":\"WebSite\",\"@id\":\"https:\/\/www.histoirederawdon.ca\/#website\",\"url\":\"https:\/\/www.histoirederawdon.ca\/\",\"name\":\"Histoire de Rawdon\",\"description\":\"Patrimoine et communaut\u00e9s\",\"publisher\":{\"@id\":\"https:\/\/www.histoirederawdon.ca\/#organization\"},\"potentialAction\":[{\"@type\":\"SearchAction\",\"target\":{\"@type\":\"EntryPoint\",\"urlTemplate\":\"https:\/\/www.histoirederawdon.ca\/?s={search_term_string}\"},\"query-input\":{\"@type\":\"PropertyValueSpecification\",\"valueRequired\":true,\"valueName\":\"search_term_string\"}}],\"inLanguage\":\"en-CA\"},{\"@type\":\"Organization\",\"@id\":\"https:\/\/www.histoirederawdon.ca\/#organization\",\"name\":\"Soci\u00e9t\u00e9 d'histoire de Rawdon\",\"url\":\"https:\/\/www.histoirederawdon.ca\/\",\"logo\":{\"@type\":\"ImageObject\",\"inLanguage\":\"en-CA\",\"@id\":\"https:\/\/www.histoirederawdon.ca\/#\/schema\/logo\/image\/\",\"url\":\"https:\/\/www.histoirederawdon.ca\/wp-content\/uploads\/2022\/12\/SHR-LOGO-1.png\",\"contentUrl\":\"https:\/\/www.histoirederawdon.ca\/wp-content\/uploads\/2022\/12\/SHR-LOGO-1.png\",\"width\":744,\"height\":452,\"caption\":\"Soci\u00e9t\u00e9 d'histoire de Rawdon\"},\"image\":{\"@id\":\"https:\/\/www.histoirederawdon.ca\/#\/schema\/logo\/image\/\"}}]}<\/script>\n<!-- \/ Yoast SEO plugin. -->","yoast_head_json":{"title":"Rawdon: 175 ans d'histoire - Histoire de Rawdon","robots":{"index":"index","follow":"follow","max-snippet":"max-snippet:-1","max-image-preview":"max-image-preview:large","max-video-preview":"max-video-preview:-1"},"canonical":"https:\/\/www.histoirederawdon.ca\/en\/rawdon-175-ans-dhistoire\/","og_locale":"en_US","og_type":"article","og_title":"Rawdon: 175 ans d'histoire - Histoire de Rawdon","og_description":"Rawdon : 175 ans d\u2019histoire par Marcel Fournier, 1974 La Soci\u00e9t\u00e9 d\u2019histoire de Rawdon a obtenu, le 21 juin 2023, de M. Marcel Fournier l\u2019autorisation de num\u00e9riser son livre sur l\u2019histoire de Rawdon intitul\u00e9 Rawdon: 175 ans d\u2019histoire publi\u00e9 en 1974 et \u00e0 le diffuser sur son site Internet. La Soci\u00e9t\u00e9 d\u2019histoire de Rawdon a [&hellip;]","og_url":"https:\/\/www.histoirederawdon.ca\/en\/rawdon-175-ans-dhistoire\/","og_site_name":"Histoire de Rawdon","article_modified_time":"2024-04-07T22:51:45+00:00","og_image":[{"url":"https:\/\/www.histoirederawdon.ca\/wp-content\/uploads\/2023\/06\/Couverture-du-livre.png","type":"","width":"","height":""}],"twitter_card":"summary_large_image","twitter_misc":{"Est. reading time":"3 minutes"},"schema":{"@context":"https:\/\/schema.org","@graph":[{"@type":"WebPage","@id":"https:\/\/www.histoirederawdon.ca\/rawdon-175-ans-dhistoire\/","url":"https:\/\/www.histoirederawdon.ca\/rawdon-175-ans-dhistoire\/","name":"Rawdon: 175 ans d'histoire - Histoire de Rawdon","isPartOf":{"@id":"https:\/\/www.histoirederawdon.ca\/#website"},"primaryImageOfPage":{"@id":"https:\/\/www.histoirederawdon.ca\/rawdon-175-ans-dhistoire\/#primaryimage"},"image":{"@id":"https:\/\/www.histoirederawdon.ca\/rawdon-175-ans-dhistoire\/#primaryimage"},"thumbnailUrl":"https:\/\/www.histoirederawdon.ca\/wp-content\/uploads\/2023\/06\/Couverture-du-livre.png","datePublished":"2023-06-29T16:47:51+00:00","dateModified":"2024-04-07T22:51:45+00:00","breadcrumb":{"@id":"https:\/\/www.histoirederawdon.ca\/rawdon-175-ans-dhistoire\/#breadcrumb"},"inLanguage":"en-CA","potentialAction":[{"@type":"ReadAction","target":["https:\/\/www.histoirederawdon.ca\/rawdon-175-ans-dhistoire\/"]}]},{"@type":"ImageObject","inLanguage":"en-CA","@id":"https:\/\/www.histoirederawdon.ca\/rawdon-175-ans-dhistoire\/#primaryimage","url":"https:\/\/www.histoirederawdon.ca\/wp-content\/uploads\/2023\/06\/Couverture-du-livre.png","contentUrl":"https:\/\/www.histoirederawdon.ca\/wp-content\/uploads\/2023\/06\/Couverture-du-livre.png"},{"@type":"BreadcrumbList","@id":"https:\/\/www.histoirederawdon.ca\/rawdon-175-ans-dhistoire\/#breadcrumb","itemListElement":[{"@type":"ListItem","position":1,"name":"Accueil","item":"https:\/\/www.histoirederawdon.ca\/"},{"@type":"ListItem","position":2,"name":"Rawdon: 175 ans d&rsquo;histoire"}]},{"@type":"WebSite","@id":"https:\/\/www.histoirederawdon.ca\/#website","url":"https:\/\/www.histoirederawdon.ca\/","name":"Histoire de Rawdon","description":"Patrimoine et communaut\u00e9s","publisher":{"@id":"https:\/\/www.histoirederawdon.ca\/#organization"},"potentialAction":[{"@type":"SearchAction","target":{"@type":"EntryPoint","urlTemplate":"https:\/\/www.histoirederawdon.ca\/?s={search_term_string}"},"query-input":{"@type":"PropertyValueSpecification","valueRequired":true,"valueName":"search_term_string"}}],"inLanguage":"en-CA"},{"@type":"Organization","@id":"https:\/\/www.histoirederawdon.ca\/#organization","name":"Soci\u00e9t\u00e9 d'histoire de Rawdon","url":"https:\/\/www.histoirederawdon.ca\/","logo":{"@type":"ImageObject","inLanguage":"en-CA","@id":"https:\/\/www.histoirederawdon.ca\/#\/schema\/logo\/image\/","url":"https:\/\/www.histoirederawdon.ca\/wp-content\/uploads\/2022\/12\/SHR-LOGO-1.png","contentUrl":"https:\/\/www.histoirederawdon.ca\/wp-content\/uploads\/2022\/12\/SHR-LOGO-1.png","width":744,"height":452,"caption":"Soci\u00e9t\u00e9 d'histoire de Rawdon"},"image":{"@id":"https:\/\/www.histoirederawdon.ca\/#\/schema\/logo\/image\/"}}]}},"jetpack_sharing_enabled":true,"_links":{"self":[{"href":"https:\/\/www.histoirederawdon.ca\/en\/wp-json\/wp\/v2\/pages\/4384","targetHints":{"allow":["GET"]}}],"collection":[{"href":"https:\/\/www.histoirederawdon.ca\/en\/wp-json\/wp\/v2\/pages"}],"about":[{"href":"https:\/\/www.histoirederawdon.ca\/en\/wp-json\/wp\/v2\/types\/page"}],"author":[{"embeddable":true,"href":"https:\/\/www.histoirederawdon.ca\/en\/wp-json\/wp\/v2\/users\/1"}],"replies":[{"embeddable":true,"href":"https:\/\/www.histoirederawdon.ca\/en\/wp-json\/wp\/v2\/comments?post=4384"}],"version-history":[{"count":104,"href":"https:\/\/www.histoirederawdon.ca\/en\/wp-json\/wp\/v2\/pages\/4384\/revisions"}],"predecessor-version":[{"id":6771,"href":"https:\/\/www.histoirederawdon.ca\/en\/wp-json\/wp\/v2\/pages\/4384\/revisions\/6771"}],"wp:attachment":[{"href":"https:\/\/www.histoirederawdon.ca\/en\/wp-json\/wp\/v2\/media?parent=4384"}],"curies":[{"name":"wp","href":"https:\/\/api.w.org\/{rel}","templated":true}]}}