{"id":521,"date":"2022-05-28T13:03:37","date_gmt":"2022-05-28T17:03:37","guid":{"rendered":"https:\/\/www.histoirederawdon.ca\/?page_id=521"},"modified":"2025-09-03T21:24:02","modified_gmt":"2025-09-04T01:24:02","slug":"mise-en-contexte","status":"publish","type":"page","link":"https:\/\/www.histoirederawdon.ca\/en\/histoire-rawdon\/le-patrimoine\/un-resume-de-lhistoire-de-rawdon\/mise-en-contexte\/","title":{"rendered":"Background"},"content":{"rendered":"<div data-elementor-type=\"wp-page\" data-elementor-id=\"521\" class=\"elementor elementor-521\">\n\t\t\t\t\t\t<section class=\"elementor-section elementor-top-section elementor-element elementor-element-012ad38 elementor-section-boxed elementor-section-height-default elementor-section-height-default\" data-id=\"012ad38\" data-element_type=\"section\">\n\t\t\t\t\t\t<div class=\"elementor-container elementor-column-gap-default\">\n\t\t\t\t\t<div class=\"elementor-column elementor-col-100 elementor-top-column elementor-element elementor-element-a97d4c1\" data-id=\"a97d4c1\" data-element_type=\"column\">\n\t\t\t<div class=\"elementor-widget-wrap elementor-element-populated\">\n\t\t\t\t\t\t<div class=\"elementor-element elementor-element-c8f7aeb elementor-widget elementor-widget-heading\" data-id=\"c8f7aeb\" data-element_type=\"widget\" data-widget_type=\"heading.default\">\n\t\t\t\t<div class=\"elementor-widget-container\">\n\t\t\t\t\t<h2 class=\"elementor-heading-title elementor-size-default\">A thousand years ago...<\/h2>\t\t\t\t<\/div>\n\t\t\t\t<\/div>\n\t\t\t\t\t<\/div>\n\t\t<\/div>\n\t\t\t\t\t<\/div>\n\t\t<\/section>\n\t\t\t\t<section class=\"elementor-section elementor-top-section elementor-element elementor-element-390c358 elementor-section-boxed elementor-section-height-default elementor-section-height-default\" data-id=\"390c358\" data-element_type=\"section\">\n\t\t\t\t\t\t<div class=\"elementor-container elementor-column-gap-default\">\n\t\t\t\t\t<div class=\"elementor-column elementor-col-100 elementor-top-column elementor-element elementor-element-77488fa\" data-id=\"77488fa\" data-element_type=\"column\">\n\t\t\t<div class=\"elementor-widget-wrap elementor-element-populated\">\n\t\t\t\t\t\t<div class=\"elementor-element elementor-element-ce6bfe5 elementor-widget elementor-widget-text-editor\" data-id=\"ce6bfe5\" data-element_type=\"widget\" data-widget_type=\"text-editor.default\">\n\t\t\t\t<div class=\"elementor-widget-container\">\n\t\t\t\t\t\t\t\t\t<p>A thousand years ago...<\/p><p>More than a thousand years ago, this immense region was the hunting and fishing territory of nomadic Algonquin tribes who had their camps on the banks of the Rouge and Ouareau rivers.<\/p><p>With the arrival of the first settlers, they gradually disappeared from the region and by 1850 few descendants of these great tribes could be found. They had been guides for early explorers and surveyors. Their presence is evoked nowadays in the Rawdon\u2019s regional landscape, by names like Ouareau, Achigan, Matawin and Mascouche.<\/p><p>Thus began the history of Rawdon.<\/p><p>\u00a0<\/p><p>\u00a0<\/p>\t\t\t\t\t\t\t\t<\/div>\n\t\t\t\t<\/div>\n\t\t\t\t\t<\/div>\n\t\t<\/div>\n\t\t\t\t\t<\/div>\n\t\t<\/section>\n\t\t\t\t<section class=\"elementor-section elementor-top-section elementor-element elementor-element-a91a453 elementor-section-boxed elementor-section-height-default elementor-section-height-default\" data-id=\"a91a453\" data-element_type=\"section\">\n\t\t\t\t\t\t<div class=\"elementor-container elementor-column-gap-default\">\n\t\t\t\t\t<div class=\"elementor-column elementor-col-50 elementor-top-column elementor-element elementor-element-a197d78\" data-id=\"a197d78\" data-element_type=\"column\">\n\t\t\t<div class=\"elementor-widget-wrap elementor-element-populated\">\n\t\t\t\t\t\t<div class=\"elementor-element elementor-element-0cf76db elementor-widget elementor-widget-button\" data-id=\"0cf76db\" data-element_type=\"widget\" data-widget_type=\"button.default\">\n\t\t\t\t<div class=\"elementor-widget-container\">\n\t\t\t\t\t\t\t\t\t<div class=\"elementor-button-wrapper\">\n\t\t\t\t\t<a class=\"elementor-button elementor-button-link elementor-size-sm\" href=\"https:\/\/www.histoirederawdon.ca\/en\/un-resume-de-lhistoire-de-rawdon\/\">\n\t\t\t\t\t\t<span class=\"elementor-button-content-wrapper\">\n\t\t\t\t\t\t\t\t\t<span class=\"elementor-button-text\">Previous page<\/span>\n\t\t\t\t\t<\/span>\n\t\t\t\t\t<\/a>\n\t\t\t\t<\/div>\n\t\t\t\t\t\t\t\t<\/div>\n\t\t\t\t<\/div>\n\t\t\t\t\t<\/div>\n\t\t<\/div>\n\t\t\t\t<div class=\"elementor-column elementor-col-50 elementor-top-column elementor-element elementor-element-9d510fd\" data-id=\"9d510fd\" data-element_type=\"column\">\n\t\t\t<div class=\"elementor-widget-wrap elementor-element-populated\">\n\t\t\t\t\t\t<div class=\"elementor-element elementor-element-4749b70 elementor-align-right elementor-widget elementor-widget-button\" data-id=\"4749b70\" data-element_type=\"widget\" data-widget_type=\"button.default\">\n\t\t\t\t<div class=\"elementor-widget-container\">\n\t\t\t\t\t\t\t\t\t<div class=\"elementor-button-wrapper\">\n\t\t\t\t\t<a class=\"elementor-button elementor-button-link elementor-size-sm\" href=\"https:\/\/www.histoirederawdon.ca\/en\/la-fondation-de-rawdon\/\">\n\t\t\t\t\t\t<span class=\"elementor-button-content-wrapper\">\n\t\t\t\t\t\t\t\t\t<span class=\"elementor-button-text\">The history of Rawdon continues<\/span>\n\t\t\t\t\t<\/span>\n\t\t\t\t\t<\/a>\n\t\t\t\t<\/div>\n\t\t\t\t\t\t\t\t<\/div>\n\t\t\t\t<\/div>\n\t\t\t\t\t<\/div>\n\t\t<\/div>\n\t\t\t\t\t<\/div>\n\t\t<\/section>\n\t\t\t\t<\/div>","protected":false},"excerpt":{"rendered":"<p>Il y a 1000 ans&#8230; Il y a 1000 ans&#8230; Il y a plus de mille ans, cette immense r\u00e9gion \u00e9tait le territoire de chasse et de p\u00eache de tribus nomades algonquines qui avaient leurs campements sur les rives de la rivi\u00e8re Rouge et de la rivi\u00e8re Ouareau. Avec l&rsquo;arriv\u00e9e des premiers colons, elles disparurent [&hellip;]<\/p>","protected":false},"author":3,"featured_media":0,"parent":654,"menu_order":0,"comment_status":"closed","ping_status":"closed","template":"","meta":{"ocean_post_layout":"","ocean_both_sidebars_style":"","ocean_both_sidebars_content_width":0,"ocean_both_sidebars_sidebars_width":0,"ocean_sidebar":"0","ocean_second_sidebar":"0","ocean_disable_margins":"enable","ocean_add_body_class":"","ocean_shortcode_before_top_bar":"","ocean_shortcode_after_top_bar":"","ocean_shortcode_before_header":"","ocean_shortcode_after_header":"","ocean_has_shortcode":"","ocean_shortcode_after_title":"","ocean_shortcode_before_footer_widgets":"","ocean_shortcode_after_footer_widgets":"","ocean_shortcode_before_footer_bottom":"","ocean_shortcode_after_footer_bottom":"","ocean_display_top_bar":"default","ocean_display_header":"default","ocean_header_style":"","ocean_center_header_left_menu":"0","ocean_custom_header_template":"0","ocean_custom_logo":0,"ocean_custom_retina_logo":0,"ocean_custom_logo_max_width":0,"ocean_custom_logo_tablet_max_width":0,"ocean_custom_logo_mobile_max_width":0,"ocean_custom_logo_max_height":0,"ocean_custom_logo_tablet_max_height":0,"ocean_custom_logo_mobile_max_height":0,"ocean_header_custom_menu":"0","ocean_menu_typo_font_family":"0","ocean_menu_typo_font_subset":"","ocean_menu_typo_font_size":0,"ocean_menu_typo_font_size_tablet":0,"ocean_menu_typo_font_size_mobile":0,"ocean_menu_typo_font_size_unit":"px","ocean_menu_typo_font_weight":"","ocean_menu_typo_font_weight_tablet":"","ocean_menu_typo_font_weight_mobile":"","ocean_menu_typo_transform":"","ocean_menu_typo_transform_tablet":"","ocean_menu_typo_transform_mobile":"","ocean_menu_typo_line_height":0,"ocean_menu_typo_line_height_tablet":0,"ocean_menu_typo_line_height_mobile":0,"ocean_menu_typo_line_height_unit":"","ocean_menu_typo_spacing":0,"ocean_menu_typo_spacing_tablet":0,"ocean_menu_typo_spacing_mobile":0,"ocean_menu_typo_spacing_unit":"","ocean_menu_link_color":"","ocean_menu_link_color_hover":"","ocean_menu_link_color_active":"","ocean_menu_link_background":"","ocean_menu_link_hover_background":"","ocean_menu_link_active_background":"","ocean_menu_social_links_bg":"","ocean_menu_social_hover_links_bg":"","ocean_menu_social_links_color":"","ocean_menu_social_hover_links_color":"","ocean_disable_title":"default","ocean_disable_heading":"default","ocean_post_title":"","ocean_post_subheading":"","ocean_post_title_style":"","ocean_post_title_background_color":"","ocean_post_title_background":0,"ocean_post_title_bg_image_position":"","ocean_post_title_bg_image_attachment":"","ocean_post_title_bg_image_repeat":"","ocean_post_title_bg_image_size":"","ocean_post_title_height":0,"ocean_post_title_bg_overlay":0.5,"ocean_post_title_bg_overlay_color":"","ocean_disable_breadcrumbs":"default","ocean_breadcrumbs_color":"","ocean_breadcrumbs_separator_color":"","ocean_breadcrumbs_links_color":"","ocean_breadcrumbs_links_hover_color":"","ocean_display_footer_widgets":"default","ocean_display_footer_bottom":"default","ocean_custom_footer_template":"0","footnotes":""},"class_list":["post-521","page","type-page","status-publish","hentry","entry"],"yoast_head":"<!-- This site is optimized with the Yoast SEO plugin v26.3 - https:\/\/yoast.com\/wordpress\/plugins\/seo\/ -->\n<title>Mise en contexte - Histoire de Rawdon<\/title>\n<meta name=\"robots\" content=\"index, follow, max-snippet:-1, max-image-preview:large, max-video-preview:-1\" \/>\n<link rel=\"canonical\" href=\"https:\/\/www.histoirederawdon.ca\/en\/histoire-rawdon\/le-patrimoine\/un-resume-de-lhistoire-de-rawdon\/mise-en-contexte\/\" \/>\n<meta property=\"og:locale\" content=\"en_US\" \/>\n<meta property=\"og:type\" content=\"article\" \/>\n<meta property=\"og:title\" content=\"Mise en contexte - Histoire de Rawdon\" \/>\n<meta property=\"og:description\" content=\"Il y a 1000 ans&#8230; Il y a 1000 ans&#8230; Il y a plus de mille ans, cette immense r\u00e9gion \u00e9tait le territoire de chasse et de p\u00eache de tribus nomades algonquines qui avaient leurs campements sur les rives de la rivi\u00e8re Rouge et de la rivi\u00e8re Ouareau. Avec l&rsquo;arriv\u00e9e des premiers colons, elles disparurent [&hellip;]\" \/>\n<meta property=\"og:url\" content=\"https:\/\/www.histoirederawdon.ca\/en\/histoire-rawdon\/le-patrimoine\/un-resume-de-lhistoire-de-rawdon\/mise-en-contexte\/\" \/>\n<meta property=\"og:site_name\" content=\"Histoire de Rawdon\" \/>\n<meta property=\"article:modified_time\" content=\"2025-09-04T01:24:02+00:00\" \/>\n<meta name=\"twitter:card\" content=\"summary_large_image\" \/>\n<meta name=\"twitter:label1\" content=\"Est. reading time\" \/>\n\t<meta name=\"twitter:data1\" content=\"1 minute\" \/>\n<script type=\"application\/ld+json\" class=\"yoast-schema-graph\">{\"@context\":\"https:\/\/schema.org\",\"@graph\":[{\"@type\":\"WebPage\",\"@id\":\"https:\/\/www.histoirederawdon.ca\/histoire-rawdon\/le-patrimoine\/un-resume-de-lhistoire-de-rawdon\/mise-en-contexte\/\",\"url\":\"https:\/\/www.histoirederawdon.ca\/histoire-rawdon\/le-patrimoine\/un-resume-de-lhistoire-de-rawdon\/mise-en-contexte\/\",\"name\":\"Mise en contexte - Histoire de Rawdon\",\"isPartOf\":{\"@id\":\"https:\/\/www.histoirederawdon.ca\/#website\"},\"datePublished\":\"2022-05-28T17:03:37+00:00\",\"dateModified\":\"2025-09-04T01:24:02+00:00\",\"breadcrumb\":{\"@id\":\"https:\/\/www.histoirederawdon.ca\/histoire-rawdon\/le-patrimoine\/un-resume-de-lhistoire-de-rawdon\/mise-en-contexte\/#breadcrumb\"},\"inLanguage\":\"en-CA\",\"potentialAction\":[{\"@type\":\"ReadAction\",\"target\":[\"https:\/\/www.histoirederawdon.ca\/histoire-rawdon\/le-patrimoine\/un-resume-de-lhistoire-de-rawdon\/mise-en-contexte\/\"]}]},{\"@type\":\"BreadcrumbList\",\"@id\":\"https:\/\/www.histoirederawdon.ca\/histoire-rawdon\/le-patrimoine\/un-resume-de-lhistoire-de-rawdon\/mise-en-contexte\/#breadcrumb\",\"itemListElement\":[{\"@type\":\"ListItem\",\"position\":1,\"name\":\"Accueil\",\"item\":\"https:\/\/www.histoirederawdon.ca\/\"},{\"@type\":\"ListItem\",\"position\":2,\"name\":\"Bienvenue \u00e0 Rawdon\",\"item\":\"https:\/\/www.histoirederawdon.ca\/\"},{\"@type\":\"ListItem\",\"position\":3,\"name\":\"Patrimoine\",\"item\":\"https:\/\/www.histoirederawdon.ca\/histoire-rawdon\/le-patrimoine\/\"},{\"@type\":\"ListItem\",\"position\":4,\"name\":\"Notre histoire\",\"item\":\"https:\/\/www.histoirederawdon.ca\/histoire-rawdon\/le-patrimoine\/un-resume-de-lhistoire-de-rawdon\/\"},{\"@type\":\"ListItem\",\"position\":5,\"name\":\"Mise en contexte\"}]},{\"@type\":\"WebSite\",\"@id\":\"https:\/\/www.histoirederawdon.ca\/#website\",\"url\":\"https:\/\/www.histoirederawdon.ca\/\",\"name\":\"Histoire de Rawdon\",\"description\":\"Patrimoine et communaut\u00e9s\",\"publisher\":{\"@id\":\"https:\/\/www.histoirederawdon.ca\/#organization\"},\"potentialAction\":[{\"@type\":\"SearchAction\",\"target\":{\"@type\":\"EntryPoint\",\"urlTemplate\":\"https:\/\/www.histoirederawdon.ca\/?s={search_term_string}\"},\"query-input\":{\"@type\":\"PropertyValueSpecification\",\"valueRequired\":true,\"valueName\":\"search_term_string\"}}],\"inLanguage\":\"en-CA\"},{\"@type\":\"Organization\",\"@id\":\"https:\/\/www.histoirederawdon.ca\/#organization\",\"name\":\"Soci\u00e9t\u00e9 d'histoire de Rawdon\",\"url\":\"https:\/\/www.histoirederawdon.ca\/\",\"logo\":{\"@type\":\"ImageObject\",\"inLanguage\":\"en-CA\",\"@id\":\"https:\/\/www.histoirederawdon.ca\/#\/schema\/logo\/image\/\",\"url\":\"https:\/\/www.histoirederawdon.ca\/wp-content\/uploads\/2022\/12\/SHR-LOGO-1.png\",\"contentUrl\":\"https:\/\/www.histoirederawdon.ca\/wp-content\/uploads\/2022\/12\/SHR-LOGO-1.png\",\"width\":744,\"height\":452,\"caption\":\"Soci\u00e9t\u00e9 d'histoire de Rawdon\"},\"image\":{\"@id\":\"https:\/\/www.histoirederawdon.ca\/#\/schema\/logo\/image\/\"}}]}<\/script>\n<!-- \/ Yoast SEO plugin. -->","yoast_head_json":{"title":"Mise en contexte - Histoire de Rawdon","robots":{"index":"index","follow":"follow","max-snippet":"max-snippet:-1","max-image-preview":"max-image-preview:large","max-video-preview":"max-video-preview:-1"},"canonical":"https:\/\/www.histoirederawdon.ca\/en\/histoire-rawdon\/le-patrimoine\/un-resume-de-lhistoire-de-rawdon\/mise-en-contexte\/","og_locale":"en_US","og_type":"article","og_title":"Mise en contexte - Histoire de Rawdon","og_description":"Il y a 1000 ans&#8230; Il y a 1000 ans&#8230; Il y a plus de mille ans, cette immense r\u00e9gion \u00e9tait le territoire de chasse et de p\u00eache de tribus nomades algonquines qui avaient leurs campements sur les rives de la rivi\u00e8re Rouge et de la rivi\u00e8re Ouareau. Avec l&rsquo;arriv\u00e9e des premiers colons, elles disparurent [&hellip;]","og_url":"https:\/\/www.histoirederawdon.ca\/en\/histoire-rawdon\/le-patrimoine\/un-resume-de-lhistoire-de-rawdon\/mise-en-contexte\/","og_site_name":"Histoire de Rawdon","article_modified_time":"2025-09-04T01:24:02+00:00","twitter_card":"summary_large_image","twitter_misc":{"Est. reading time":"1 minute"},"schema":{"@context":"https:\/\/schema.org","@graph":[{"@type":"WebPage","@id":"https:\/\/www.histoirederawdon.ca\/histoire-rawdon\/le-patrimoine\/un-resume-de-lhistoire-de-rawdon\/mise-en-contexte\/","url":"https:\/\/www.histoirederawdon.ca\/histoire-rawdon\/le-patrimoine\/un-resume-de-lhistoire-de-rawdon\/mise-en-contexte\/","name":"Mise en contexte - Histoire de Rawdon","isPartOf":{"@id":"https:\/\/www.histoirederawdon.ca\/#website"},"datePublished":"2022-05-28T17:03:37+00:00","dateModified":"2025-09-04T01:24:02+00:00","breadcrumb":{"@id":"https:\/\/www.histoirederawdon.ca\/histoire-rawdon\/le-patrimoine\/un-resume-de-lhistoire-de-rawdon\/mise-en-contexte\/#breadcrumb"},"inLanguage":"en-CA","potentialAction":[{"@type":"ReadAction","target":["https:\/\/www.histoirederawdon.ca\/histoire-rawdon\/le-patrimoine\/un-resume-de-lhistoire-de-rawdon\/mise-en-contexte\/"]}]},{"@type":"BreadcrumbList","@id":"https:\/\/www.histoirederawdon.ca\/histoire-rawdon\/le-patrimoine\/un-resume-de-lhistoire-de-rawdon\/mise-en-contexte\/#breadcrumb","itemListElement":[{"@type":"ListItem","position":1,"name":"Accueil","item":"https:\/\/www.histoirederawdon.ca\/"},{"@type":"ListItem","position":2,"name":"Bienvenue \u00e0 Rawdon","item":"https:\/\/www.histoirederawdon.ca\/"},{"@type":"ListItem","position":3,"name":"Patrimoine","item":"https:\/\/www.histoirederawdon.ca\/histoire-rawdon\/le-patrimoine\/"},{"@type":"ListItem","position":4,"name":"Notre histoire","item":"https:\/\/www.histoirederawdon.ca\/histoire-rawdon\/le-patrimoine\/un-resume-de-lhistoire-de-rawdon\/"},{"@type":"ListItem","position":5,"name":"Mise en contexte"}]},{"@type":"WebSite","@id":"https:\/\/www.histoirederawdon.ca\/#website","url":"https:\/\/www.histoirederawdon.ca\/","name":"Histoire de Rawdon","description":"Patrimoine et communaut\u00e9s","publisher":{"@id":"https:\/\/www.histoirederawdon.ca\/#organization"},"potentialAction":[{"@type":"SearchAction","target":{"@type":"EntryPoint","urlTemplate":"https:\/\/www.histoirederawdon.ca\/?s={search_term_string}"},"query-input":{"@type":"PropertyValueSpecification","valueRequired":true,"valueName":"search_term_string"}}],"inLanguage":"en-CA"},{"@type":"Organization","@id":"https:\/\/www.histoirederawdon.ca\/#organization","name":"Soci\u00e9t\u00e9 d'histoire de Rawdon","url":"https:\/\/www.histoirederawdon.ca\/","logo":{"@type":"ImageObject","inLanguage":"en-CA","@id":"https:\/\/www.histoirederawdon.ca\/#\/schema\/logo\/image\/","url":"https:\/\/www.histoirederawdon.ca\/wp-content\/uploads\/2022\/12\/SHR-LOGO-1.png","contentUrl":"https:\/\/www.histoirederawdon.ca\/wp-content\/uploads\/2022\/12\/SHR-LOGO-1.png","width":744,"height":452,"caption":"Soci\u00e9t\u00e9 d'histoire de Rawdon"},"image":{"@id":"https:\/\/www.histoirederawdon.ca\/#\/schema\/logo\/image\/"}}]}},"jetpack_sharing_enabled":true,"_links":{"self":[{"href":"https:\/\/www.histoirederawdon.ca\/en\/wp-json\/wp\/v2\/pages\/521","targetHints":{"allow":["GET"]}}],"collection":[{"href":"https:\/\/www.histoirederawdon.ca\/en\/wp-json\/wp\/v2\/pages"}],"about":[{"href":"https:\/\/www.histoirederawdon.ca\/en\/wp-json\/wp\/v2\/types\/page"}],"author":[{"embeddable":true,"href":"https:\/\/www.histoirederawdon.ca\/en\/wp-json\/wp\/v2\/users\/3"}],"replies":[{"embeddable":true,"href":"https:\/\/www.histoirederawdon.ca\/en\/wp-json\/wp\/v2\/comments?post=521"}],"version-history":[{"count":44,"href":"https:\/\/www.histoirederawdon.ca\/en\/wp-json\/wp\/v2\/pages\/521\/revisions"}],"predecessor-version":[{"id":11687,"href":"https:\/\/www.histoirederawdon.ca\/en\/wp-json\/wp\/v2\/pages\/521\/revisions\/11687"}],"up":[{"embeddable":true,"href":"https:\/\/www.histoirederawdon.ca\/en\/wp-json\/wp\/v2\/pages\/654"}],"wp:attachment":[{"href":"https:\/\/www.histoirederawdon.ca\/en\/wp-json\/wp\/v2\/media?parent=521"}],"curies":[{"name":"wp","href":"https:\/\/api.w.org\/{rel}","templated":true}]}}