{"id":74,"date":"2022-05-07T02:59:25","date_gmt":"2022-05-07T02:59:25","guid":{"rendered":"https:\/\/www.histoirederawdon.ca\/?page_id=74"},"modified":"2023-12-02T23:01:19","modified_gmt":"2023-12-03T03:01:19","slug":"references","status":"publish","type":"page","link":"https:\/\/www.histoirederawdon.ca\/en\/references\/","title":{"rendered":"Sources"},"content":{"rendered":"<div data-elementor-type=\"wp-page\" data-elementor-id=\"74\" class=\"elementor elementor-74\">\n\t\t\t\t\t\t<section class=\"elementor-section elementor-top-section elementor-element elementor-element-bedb6a0 elementor-section-boxed elementor-section-height-default elementor-section-height-default\" data-id=\"bedb6a0\" data-element_type=\"section\">\n\t\t\t\t\t\t<div class=\"elementor-container elementor-column-gap-default\">\n\t\t\t\t\t<div class=\"elementor-column elementor-col-100 elementor-top-column elementor-element elementor-element-e79438f\" data-id=\"e79438f\" data-element_type=\"column\">\n\t\t\t<div class=\"elementor-widget-wrap elementor-element-populated\">\n\t\t\t\t\t\t<div class=\"elementor-element elementor-element-3e268c1 elementor-widget elementor-widget-text-editor\" data-id=\"3e268c1\" data-element_type=\"widget\" data-widget_type=\"text-editor.default\">\n\t\t\t\t<div class=\"elementor-widget-container\">\n\t\t\t\t\t\t\t\t\t<p>Several authors have been interested in the history of Rawdon. According to their interests and the sources of information at their disposal, these authors emphasized different elements of this history. Their analyses focused on historical periods, family genealogy, religion, culture and even the culinary arts. Their texts are written in English or French and, in some cases, in both languages. Sometimes, versions of their material are written in languages other than English and French, reflecting the multicultural character of Rawdon. They are presented in various formats, either print (book) or electronic (website).<\/p><p>All of them have contributed to improving our knowledge of Rawdon\u2019s history, but this history can still be better known. In order to streamline this site, they are not always cited after each article. We would like to thank the following people (in alphabetical order) and identify their publications.<\/p><ol><li>Beaudry, Alban, <em>Les \u00e9coles de rang de Rawdon (1891-1957)<\/em>,\u00a02001<\/li><li>Blagrave Prudhomme, Beverly, <a href=\"http:\/\/rawdonhistory.com\"><span style=\"text-decoration: underline;\">Rawdon History website<\/span><\/a><\/li><li>Brady, G\u00e9rard, <em>My village<\/em>,\u00a01995<\/li><li>Brady, G\u00e9rard, <em>Une bien belle histoire \/ Rawdon: A Human Mosaic<\/em>, 1987, 336 pages<\/li><li>Collective, <em>Sur la route des souvenirs : gens du chemin Kildare et des environs,\u00a0<\/em>2014<\/li><li>Fournier, Marcel, <a href=\"https:\/\/www.histoirederawdon.ca\/en\/rawdon-175-ans-dhistoire\/\"><em>Rawdon :<\/em> <\/a><em><a href=\"https:\/\/www.histoirederawdon.ca\/en\/rawdon-175-ans-dhistoire\/\">175 ans d\u2019histoire<\/a>,<\/em> Joliette, 1974, 316 pages<\/li><li>Gervais, R. et Pontbriand, C., <a href=\"https:\/\/advitam.banq.qc.ca\/notice\/671363?state=eyJzZWFyY2hTdGF0ZSI6eyJwYWdlIjoxLCJzZWFyY2hUeXBlIjoiU0lNUExFIiwic2VhcmNoUGFyYW1zIjp7ImNyaXRlcmlhIjpbeyJuYW1lIjoidGV4dE5ldHRveWUiLCJzb2xyU2VhcmNoVHlwZSI6IkNPTlRJRU5UX1RPVVNfTEVTX01PVFMiLCJ2YWx1ZSI6ImhlbnJpIHBvbnRicmlhbmQiLCJvcGVyYXRvciI6ImV0In0seyJuYW1lIjoiY290ZUNvbXBsZXRlIiwic29sclNlYXJjaFR5cGUiOiJDT1RFX0lORkVSSUVVUiIsInZhbHVlIjoiaGVucmkgcG9udGJyaWFuZCIsIm9wZXJhdG9yIjoib3UifV0sImNvZGVzQ2VudHJlQXJjaGl2ZSI6W119fX0\"><em>Fonds Henri Pontbriand<\/em><\/a><em>, <\/em>Biblioth\u00e8que et archives nationales du Qu\u00e9bec<\/li><li>Lambert, Michel, <a href=\"https:\/\/www.quebecuisine.ca\/?q=La%20cuisine%20de%20Lanaudi%C3%A8re\">La cuisine de Lanaudi\u00e8re website<\/a><\/li><li>Larocque, Jean-Guy, <a href=\"https:\/\/epe.lac-bac.gc.ca\/100\/205\/301\/ic\/cdc\/rawdon\/html.htm\">Rawdon, mosa\u00efque de cultures et de religions website<\/a><\/li><li>Parkinson, Daniel, <a href=\"https:\/\/uptorawdon.com\/rawdon-1821\/\">UP TO RAWDON. PART ONE and PART TWO website\u00a0<\/a><\/li><\/ol>\t\t\t\t\t\t\t\t<\/div>\n\t\t\t\t<\/div>\n\t\t\t\t\t<\/div>\n\t\t<\/div>\n\t\t\t\t\t<\/div>\n\t\t<\/section>\n\t\t\t\t<section class=\"elementor-section elementor-top-section elementor-element elementor-element-c133ff9 elementor-section-boxed elementor-section-height-default elementor-section-height-default\" data-id=\"c133ff9\" data-element_type=\"section\">\n\t\t\t\t\t\t<div class=\"elementor-container elementor-column-gap-default\">\n\t\t\t\t\t<div class=\"elementor-column elementor-col-25 elementor-top-column elementor-element elementor-element-4dd76a3\" data-id=\"4dd76a3\" data-element_type=\"column\">\n\t\t\t<div class=\"elementor-widget-wrap elementor-element-populated\">\n\t\t\t\t\t\t<div class=\"elementor-element elementor-element-4699e82 elementor-widget elementor-widget-image\" data-id=\"4699e82\" data-element_type=\"widget\" data-widget_type=\"image.default\">\n\t\t\t\t<div class=\"elementor-widget-container\">\n\t\t\t\t\t\t\t\t\t\t\t\t\t\t\t<img fetchpriority=\"high\" decoding=\"async\" width=\"195\" height=\"300\" src=\"https:\/\/www.histoirederawdon.ca\/wp-content\/uploads\/2022\/05\/929249436.0.m-195x300.jpg\" class=\"attachment-medium size-medium wp-image-80\" alt=\"\" srcset=\"https:\/\/www.histoirederawdon.ca\/wp-content\/uploads\/2022\/05\/929249436.0.m-195x300.jpg 195w, https:\/\/www.histoirederawdon.ca\/wp-content\/uploads\/2022\/05\/929249436.0.m.jpg 200w\" sizes=\"(max-width: 195px) 100vw, 195px\" \/>\t\t\t\t\t\t\t\t\t\t\t\t\t\t\t<\/div>\n\t\t\t\t<\/div>\n\t\t\t\t\t<\/div>\n\t\t<\/div>\n\t\t\t\t<div class=\"elementor-column elementor-col-25 elementor-top-column elementor-element elementor-element-a6ddc27\" data-id=\"a6ddc27\" data-element_type=\"column\">\n\t\t\t<div class=\"elementor-widget-wrap elementor-element-populated\">\n\t\t\t\t\t\t<div class=\"elementor-element elementor-element-759f914 elementor-widget elementor-widget-image\" data-id=\"759f914\" data-element_type=\"widget\" data-widget_type=\"image.default\">\n\t\t\t\t<div class=\"elementor-widget-container\">\n\t\t\t\t\t\t\t\t\t\t\t\t\t\t\t\t<a href=\"https:\/\/www.histoirederawdon.ca\/en\/rawdon-175-ans-dhistoire\/\">\n\t\t\t\t\t\t\t<img decoding=\"async\" width=\"335\" height=\"494\" src=\"https:\/\/www.histoirederawdon.ca\/wp-content\/uploads\/2023\/06\/Couverture-du-livre.png\" class=\"attachment-large size-large wp-image-4387\" alt=\"\" srcset=\"https:\/\/www.histoirederawdon.ca\/wp-content\/uploads\/2023\/06\/Couverture-du-livre.png 335w, https:\/\/www.histoirederawdon.ca\/wp-content\/uploads\/2023\/06\/Couverture-du-livre-203x300.png 203w, https:\/\/www.histoirederawdon.ca\/wp-content\/uploads\/2023\/06\/Couverture-du-livre-8x12.png 8w\" sizes=\"(max-width: 335px) 100vw, 335px\" \/>\t\t\t\t\t\t\t\t<\/a>\n\t\t\t\t\t\t\t\t\t\t\t\t\t\t\t<\/div>\n\t\t\t\t<\/div>\n\t\t\t\t\t<\/div>\n\t\t<\/div>\n\t\t\t\t<div class=\"elementor-column elementor-col-25 elementor-top-column elementor-element elementor-element-edad5f9\" data-id=\"edad5f9\" data-element_type=\"column\">\n\t\t\t<div class=\"elementor-widget-wrap elementor-element-populated\">\n\t\t\t\t\t\t<div class=\"elementor-element elementor-element-363a4e0 elementor-widget elementor-widget-image\" data-id=\"363a4e0\" data-element_type=\"widget\" data-widget_type=\"image.default\">\n\t\t\t\t<div class=\"elementor-widget-container\">\n\t\t\t\t\t\t\t\t\t\t\t\t\t\t\t<img decoding=\"async\" width=\"230\" height=\"300\" src=\"https:\/\/www.histoirederawdon.ca\/wp-content\/uploads\/2022\/05\/cover-book1-230x300-1.jpg\" class=\"attachment-large size-large wp-image-89\" alt=\"\" \/>\t\t\t\t\t\t\t\t\t\t\t\t\t\t\t<\/div>\n\t\t\t\t<\/div>\n\t\t\t\t\t<\/div>\n\t\t<\/div>\n\t\t\t\t<div class=\"elementor-column elementor-col-25 elementor-top-column elementor-element elementor-element-115f112\" data-id=\"115f112\" data-element_type=\"column\">\n\t\t\t<div class=\"elementor-widget-wrap elementor-element-populated\">\n\t\t\t\t\t\t<div class=\"elementor-element elementor-element-f52d01a elementor-widget elementor-widget-image\" data-id=\"f52d01a\" data-element_type=\"widget\" data-widget_type=\"image.default\">\n\t\t\t\t<div class=\"elementor-widget-container\">\n\t\t\t\t\t\t\t\t\t\t\t\t\t\t\t<img loading=\"lazy\" decoding=\"async\" width=\"230\" height=\"300\" src=\"https:\/\/www.histoirederawdon.ca\/wp-content\/uploads\/2022\/05\/cover-book2-230x300-1.jpg\" class=\"attachment-large size-large wp-image-93\" alt=\"\" \/>\t\t\t\t\t\t\t\t\t\t\t\t\t\t\t<\/div>\n\t\t\t\t<\/div>\n\t\t\t\t\t<\/div>\n\t\t<\/div>\n\t\t\t\t\t<\/div>\n\t\t<\/section>\n\t\t\t\t<section class=\"elementor-section elementor-top-section elementor-element elementor-element-df04baf elementor-section-boxed elementor-section-height-default elementor-section-height-default\" data-id=\"df04baf\" data-element_type=\"section\">\n\t\t\t\t\t\t<div class=\"elementor-container elementor-column-gap-default\">\n\t\t\t\t\t<div class=\"elementor-column elementor-col-100 elementor-top-column elementor-element elementor-element-dc53aa3\" data-id=\"dc53aa3\" data-element_type=\"column\">\n\t\t\t<div class=\"elementor-widget-wrap elementor-element-populated\">\n\t\t\t\t\t\t<div class=\"elementor-element elementor-element-89b37fc elementor-widget elementor-widget-text-editor\" data-id=\"89b37fc\" data-element_type=\"widget\" data-widget_type=\"text-editor.default\">\n\t\t\t\t<div class=\"elementor-widget-container\">\n\t\t\t\t\t\t\t\t\t<p><u>Other credits<\/u><\/p><p>The digitized collection entitled \u201cRawdon, mosa\u00efque de cultures et de religions\u201d was produced with the support of \u201cCanada\u2019s Digital Collections\u201d program of Industry Canada. It is available at the following address:<\/p><p><a href=\"https:\/\/epe.lac-bac.gc.ca\/100\/205\/301\/ic\/cdc\/rawdon\/html.htm\">https:\/\/epe.lac-bac.gc.ca\/100\/205\/301\/ic\/cdc\/rawdon\/html.htm<\/a><\/p><p>This website, developed by Mr. Jean-Guy Larocque and his collaborators and produced by Tegnet Multim\u00e9dia under the direction of Connexion-Lanaudi\u00e8re, served as the basis for the design and content of the first pages of this website. Its reproduction is authorized on the express condition that the source be mentioned and that there be a link to the Connexion-Lanaudi\u00e8re site at the following address: connexion-lanaudiere.qc.ca.<\/p><p>It should also be mentioned that this website uses as sources the books written by Marcel Fournier and G\u00e9rard Brady, identified above, as well as the following secondary sources:<\/p><ul><li>Joseph Bouchette, <em>Topographic Description of Lower Canada<\/em>, 1832<\/li><li>Joseph Bouchette, <em>Description topographique du Bas-Canada<\/em>, London, 1815<\/li><li>Rawdon Historical Society<\/li><\/ul>\t\t\t\t\t\t\t\t<\/div>\n\t\t\t\t<\/div>\n\t\t\t\t\t<\/div>\n\t\t<\/div>\n\t\t\t\t\t<\/div>\n\t\t<\/section>\n\t\t\t\t<section class=\"elementor-section elementor-top-section elementor-element elementor-element-9e165f1 elementor-section-boxed elementor-section-height-default elementor-section-height-default\" data-id=\"9e165f1\" data-element_type=\"section\">\n\t\t\t\t\t\t<div class=\"elementor-container elementor-column-gap-default\">\n\t\t\t\t\t<div class=\"elementor-column elementor-col-100 elementor-top-column elementor-element elementor-element-2b15597\" data-id=\"2b15597\" data-element_type=\"column\">\n\t\t\t<div class=\"elementor-widget-wrap elementor-element-populated\">\n\t\t\t\t\t\t<div class=\"elementor-element elementor-element-4b68980 elementor-widget elementor-widget-text-editor\" data-id=\"4b68980\" data-element_type=\"widget\" data-widget_type=\"text-editor.default\">\n\t\t\t\t<div class=\"elementor-widget-container\">\n\t\t\t\t\t\t\t\t\t<p><span style=\"text-decoration: underline;\">Other collaborators<\/span><\/p><p>The \"Chroniques anachroniques\" website contains several articles about Rawdon. They can be found at the following address:<\/p><p><a href=\"https:\/\/montrealbb.ca\/sujet\/rawdon\/\">https:\/\/montrealbb.ca\/sujet\/rawdon\/<\/a><\/p>\t\t\t\t\t\t\t\t<\/div>\n\t\t\t\t<\/div>\n\t\t\t\t\t<\/div>\n\t\t<\/div>\n\t\t\t\t\t<\/div>\n\t\t<\/section>\n\t\t\t\t<section class=\"elementor-section elementor-top-section elementor-element elementor-element-6a5a48f elementor-section-boxed elementor-section-height-default elementor-section-height-default\" data-id=\"6a5a48f\" data-element_type=\"section\">\n\t\t\t\t\t\t<div class=\"elementor-container elementor-column-gap-default\">\n\t\t\t\t\t<div class=\"elementor-column elementor-col-100 elementor-top-column elementor-element elementor-element-6d14dae\" data-id=\"6d14dae\" data-element_type=\"column\">\n\t\t\t<div class=\"elementor-widget-wrap elementor-element-populated\">\n\t\t\t\t\t\t<div class=\"elementor-element elementor-element-4f4d147 elementor-align-right elementor-widget elementor-widget-button\" data-id=\"4f4d147\" data-element_type=\"widget\" data-widget_type=\"button.default\">\n\t\t\t\t<div class=\"elementor-widget-container\">\n\t\t\t\t\t\t\t\t\t<div class=\"elementor-button-wrapper\">\n\t\t\t\t\t<a class=\"elementor-button elementor-button-link elementor-size-sm\" href=\"https:\/\/www.histoirederawdon.ca\/en\/\">\n\t\t\t\t\t\t<span class=\"elementor-button-content-wrapper\">\n\t\t\t\t\t\t\t\t\t<span class=\"elementor-button-text\">Back to Homepage<\/span>\n\t\t\t\t\t<\/span>\n\t\t\t\t\t<\/a>\n\t\t\t\t<\/div>\n\t\t\t\t\t\t\t\t<\/div>\n\t\t\t\t<\/div>\n\t\t\t\t\t<\/div>\n\t\t<\/div>\n\t\t\t\t\t<\/div>\n\t\t<\/section>\n\t\t\t\t<\/div>","protected":false},"excerpt":{"rendered":"<p>Plusieurs auteurs se sont int\u00e9ress\u00e9s \u00e0 l\u2019histoire de Rawdon. En fonction de leurs champs d\u2019int\u00e9r\u00eats et des sources d\u2019information dont ils disposaient, ces auteurs ont mis l\u2019accent sur diff\u00e9rents \u00e9l\u00e9ments de cette histoire. Leurs analyses ont port\u00e9 sur des p\u00e9riodes historiques, la g\u00e9n\u00e9alogie des familles, la religion, la culture et m\u00eame l\u2019art culinaire. Leurs textes [&hellip;]<\/p>","protected":false},"author":1,"featured_media":0,"parent":0,"menu_order":0,"comment_status":"closed","ping_status":"closed","template":"","meta":{"ocean_post_layout":"","ocean_both_sidebars_style":"","ocean_both_sidebars_content_width":0,"ocean_both_sidebars_sidebars_width":0,"ocean_sidebar":"0","ocean_second_sidebar":"0","ocean_disable_margins":"enable","ocean_add_body_class":"","ocean_shortcode_before_top_bar":"","ocean_shortcode_after_top_bar":"","ocean_shortcode_before_header":"","ocean_shortcode_after_header":"","ocean_has_shortcode":"","ocean_shortcode_after_title":"","ocean_shortcode_before_footer_widgets":"","ocean_shortcode_after_footer_widgets":"","ocean_shortcode_before_footer_bottom":"","ocean_shortcode_after_footer_bottom":"","ocean_display_top_bar":"default","ocean_display_header":"default","ocean_header_style":"","ocean_center_header_left_menu":"0","ocean_custom_header_template":"0","ocean_custom_logo":0,"ocean_custom_retina_logo":0,"ocean_custom_logo_max_width":0,"ocean_custom_logo_tablet_max_width":0,"ocean_custom_logo_mobile_max_width":0,"ocean_custom_logo_max_height":0,"ocean_custom_logo_tablet_max_height":0,"ocean_custom_logo_mobile_max_height":0,"ocean_header_custom_menu":"0","ocean_menu_typo_font_family":"0","ocean_menu_typo_font_subset":"","ocean_menu_typo_font_size":0,"ocean_menu_typo_font_size_tablet":0,"ocean_menu_typo_font_size_mobile":0,"ocean_menu_typo_font_size_unit":"px","ocean_menu_typo_font_weight":"","ocean_menu_typo_font_weight_tablet":"","ocean_menu_typo_font_weight_mobile":"","ocean_menu_typo_transform":"","ocean_menu_typo_transform_tablet":"","ocean_menu_typo_transform_mobile":"","ocean_menu_typo_line_height":0,"ocean_menu_typo_line_height_tablet":0,"ocean_menu_typo_line_height_mobile":0,"ocean_menu_typo_line_height_unit":"","ocean_menu_typo_spacing":0,"ocean_menu_typo_spacing_tablet":0,"ocean_menu_typo_spacing_mobile":0,"ocean_menu_typo_spacing_unit":"","ocean_menu_link_color":"","ocean_menu_link_color_hover":"","ocean_menu_link_color_active":"","ocean_menu_link_background":"","ocean_menu_link_hover_background":"","ocean_menu_link_active_background":"","ocean_menu_social_links_bg":"","ocean_menu_social_hover_links_bg":"","ocean_menu_social_links_color":"","ocean_menu_social_hover_links_color":"","ocean_disable_title":"default","ocean_disable_heading":"default","ocean_post_title":"","ocean_post_subheading":"","ocean_post_title_style":"","ocean_post_title_background_color":"","ocean_post_title_background":0,"ocean_post_title_bg_image_position":"","ocean_post_title_bg_image_attachment":"","ocean_post_title_bg_image_repeat":"","ocean_post_title_bg_image_size":"","ocean_post_title_height":0,"ocean_post_title_bg_overlay":0.5,"ocean_post_title_bg_overlay_color":"","ocean_disable_breadcrumbs":"default","ocean_breadcrumbs_color":"","ocean_breadcrumbs_separator_color":"","ocean_breadcrumbs_links_color":"","ocean_breadcrumbs_links_hover_color":"","ocean_display_footer_widgets":"default","ocean_display_footer_bottom":"default","ocean_custom_footer_template":"0","footnotes":""},"class_list":["post-74","page","type-page","status-publish","hentry","entry"],"yoast_head":"<!-- This site is optimized with the Yoast SEO plugin v26.3 - https:\/\/yoast.com\/wordpress\/plugins\/seo\/ -->\n<title>R\u00e9f\u00e9rences - Histoire de Rawdon<\/title>\n<meta name=\"robots\" content=\"index, follow, max-snippet:-1, max-image-preview:large, max-video-preview:-1\" \/>\n<link rel=\"canonical\" href=\"https:\/\/www.histoirederawdon.ca\/en\/references\/\" \/>\n<meta property=\"og:locale\" content=\"en_US\" \/>\n<meta property=\"og:type\" content=\"article\" \/>\n<meta property=\"og:title\" content=\"R\u00e9f\u00e9rences - Histoire de Rawdon\" \/>\n<meta property=\"og:description\" content=\"Plusieurs auteurs se sont int\u00e9ress\u00e9s \u00e0 l\u2019histoire de Rawdon. En fonction de leurs champs d\u2019int\u00e9r\u00eats et des sources d\u2019information dont ils disposaient, ces auteurs ont mis l\u2019accent sur diff\u00e9rents \u00e9l\u00e9ments de cette histoire. Leurs analyses ont port\u00e9 sur des p\u00e9riodes historiques, la g\u00e9n\u00e9alogie des familles, la religion, la culture et m\u00eame l\u2019art culinaire. Leurs textes [&hellip;]\" \/>\n<meta property=\"og:url\" content=\"https:\/\/www.histoirederawdon.ca\/en\/references\/\" \/>\n<meta property=\"og:site_name\" content=\"Histoire de Rawdon\" \/>\n<meta property=\"article:modified_time\" content=\"2023-12-03T03:01:19+00:00\" \/>\n<meta property=\"og:image\" content=\"https:\/\/www.histoirederawdon.ca\/wp-content\/uploads\/2022\/05\/929249436.0.m-195x300.jpg\" \/>\n<meta name=\"twitter:card\" content=\"summary_large_image\" \/>\n<meta name=\"twitter:label1\" content=\"Est. reading time\" \/>\n\t<meta name=\"twitter:data1\" content=\"4 minutes\" \/>\n<script type=\"application\/ld+json\" class=\"yoast-schema-graph\">{\"@context\":\"https:\/\/schema.org\",\"@graph\":[{\"@type\":\"WebPage\",\"@id\":\"https:\/\/www.histoirederawdon.ca\/references\/\",\"url\":\"https:\/\/www.histoirederawdon.ca\/references\/\",\"name\":\"R\u00e9f\u00e9rences - Histoire de Rawdon\",\"isPartOf\":{\"@id\":\"https:\/\/www.histoirederawdon.ca\/#website\"},\"primaryImageOfPage\":{\"@id\":\"https:\/\/www.histoirederawdon.ca\/references\/#primaryimage\"},\"image\":{\"@id\":\"https:\/\/www.histoirederawdon.ca\/references\/#primaryimage\"},\"thumbnailUrl\":\"https:\/\/www.histoirederawdon.ca\/wp-content\/uploads\/2022\/05\/929249436.0.m-195x300.jpg\",\"datePublished\":\"2022-05-07T02:59:25+00:00\",\"dateModified\":\"2023-12-03T03:01:19+00:00\",\"breadcrumb\":{\"@id\":\"https:\/\/www.histoirederawdon.ca\/references\/#breadcrumb\"},\"inLanguage\":\"en-CA\",\"potentialAction\":[{\"@type\":\"ReadAction\",\"target\":[\"https:\/\/www.histoirederawdon.ca\/references\/\"]}]},{\"@type\":\"ImageObject\",\"inLanguage\":\"en-CA\",\"@id\":\"https:\/\/www.histoirederawdon.ca\/references\/#primaryimage\",\"url\":\"https:\/\/www.histoirederawdon.ca\/wp-content\/uploads\/2022\/05\/929249436.0.m-195x300.jpg\",\"contentUrl\":\"https:\/\/www.histoirederawdon.ca\/wp-content\/uploads\/2022\/05\/929249436.0.m-195x300.jpg\"},{\"@type\":\"BreadcrumbList\",\"@id\":\"https:\/\/www.histoirederawdon.ca\/references\/#breadcrumb\",\"itemListElement\":[{\"@type\":\"ListItem\",\"position\":1,\"name\":\"Accueil\",\"item\":\"https:\/\/www.histoirederawdon.ca\/\"},{\"@type\":\"ListItem\",\"position\":2,\"name\":\"R\u00e9f\u00e9rences\"}]},{\"@type\":\"WebSite\",\"@id\":\"https:\/\/www.histoirederawdon.ca\/#website\",\"url\":\"https:\/\/www.histoirederawdon.ca\/\",\"name\":\"Histoire de Rawdon\",\"description\":\"Patrimoine et communaut\u00e9s\",\"publisher\":{\"@id\":\"https:\/\/www.histoirederawdon.ca\/#organization\"},\"potentialAction\":[{\"@type\":\"SearchAction\",\"target\":{\"@type\":\"EntryPoint\",\"urlTemplate\":\"https:\/\/www.histoirederawdon.ca\/?s={search_term_string}\"},\"query-input\":{\"@type\":\"PropertyValueSpecification\",\"valueRequired\":true,\"valueName\":\"search_term_string\"}}],\"inLanguage\":\"en-CA\"},{\"@type\":\"Organization\",\"@id\":\"https:\/\/www.histoirederawdon.ca\/#organization\",\"name\":\"Soci\u00e9t\u00e9 d'histoire de Rawdon\",\"url\":\"https:\/\/www.histoirederawdon.ca\/\",\"logo\":{\"@type\":\"ImageObject\",\"inLanguage\":\"en-CA\",\"@id\":\"https:\/\/www.histoirederawdon.ca\/#\/schema\/logo\/image\/\",\"url\":\"https:\/\/www.histoirederawdon.ca\/wp-content\/uploads\/2022\/12\/SHR-LOGO-1.png\",\"contentUrl\":\"https:\/\/www.histoirederawdon.ca\/wp-content\/uploads\/2022\/12\/SHR-LOGO-1.png\",\"width\":744,\"height\":452,\"caption\":\"Soci\u00e9t\u00e9 d'histoire de Rawdon\"},\"image\":{\"@id\":\"https:\/\/www.histoirederawdon.ca\/#\/schema\/logo\/image\/\"}}]}<\/script>\n<!-- \/ Yoast SEO plugin. -->","yoast_head_json":{"title":"R\u00e9f\u00e9rences - Histoire de Rawdon","robots":{"index":"index","follow":"follow","max-snippet":"max-snippet:-1","max-image-preview":"max-image-preview:large","max-video-preview":"max-video-preview:-1"},"canonical":"https:\/\/www.histoirederawdon.ca\/en\/references\/","og_locale":"en_US","og_type":"article","og_title":"R\u00e9f\u00e9rences - Histoire de Rawdon","og_description":"Plusieurs auteurs se sont int\u00e9ress\u00e9s \u00e0 l\u2019histoire de Rawdon. En fonction de leurs champs d\u2019int\u00e9r\u00eats et des sources d\u2019information dont ils disposaient, ces auteurs ont mis l\u2019accent sur diff\u00e9rents \u00e9l\u00e9ments de cette histoire. Leurs analyses ont port\u00e9 sur des p\u00e9riodes historiques, la g\u00e9n\u00e9alogie des familles, la religion, la culture et m\u00eame l\u2019art culinaire. Leurs textes [&hellip;]","og_url":"https:\/\/www.histoirederawdon.ca\/en\/references\/","og_site_name":"Histoire de Rawdon","article_modified_time":"2023-12-03T03:01:19+00:00","og_image":[{"url":"https:\/\/www.histoirederawdon.ca\/wp-content\/uploads\/2022\/05\/929249436.0.m-195x300.jpg","type":"","width":"","height":""}],"twitter_card":"summary_large_image","twitter_misc":{"Est. reading time":"4 minutes"},"schema":{"@context":"https:\/\/schema.org","@graph":[{"@type":"WebPage","@id":"https:\/\/www.histoirederawdon.ca\/references\/","url":"https:\/\/www.histoirederawdon.ca\/references\/","name":"R\u00e9f\u00e9rences - Histoire de Rawdon","isPartOf":{"@id":"https:\/\/www.histoirederawdon.ca\/#website"},"primaryImageOfPage":{"@id":"https:\/\/www.histoirederawdon.ca\/references\/#primaryimage"},"image":{"@id":"https:\/\/www.histoirederawdon.ca\/references\/#primaryimage"},"thumbnailUrl":"https:\/\/www.histoirederawdon.ca\/wp-content\/uploads\/2022\/05\/929249436.0.m-195x300.jpg","datePublished":"2022-05-07T02:59:25+00:00","dateModified":"2023-12-03T03:01:19+00:00","breadcrumb":{"@id":"https:\/\/www.histoirederawdon.ca\/references\/#breadcrumb"},"inLanguage":"en-CA","potentialAction":[{"@type":"ReadAction","target":["https:\/\/www.histoirederawdon.ca\/references\/"]}]},{"@type":"ImageObject","inLanguage":"en-CA","@id":"https:\/\/www.histoirederawdon.ca\/references\/#primaryimage","url":"https:\/\/www.histoirederawdon.ca\/wp-content\/uploads\/2022\/05\/929249436.0.m-195x300.jpg","contentUrl":"https:\/\/www.histoirederawdon.ca\/wp-content\/uploads\/2022\/05\/929249436.0.m-195x300.jpg"},{"@type":"BreadcrumbList","@id":"https:\/\/www.histoirederawdon.ca\/references\/#breadcrumb","itemListElement":[{"@type":"ListItem","position":1,"name":"Accueil","item":"https:\/\/www.histoirederawdon.ca\/"},{"@type":"ListItem","position":2,"name":"R\u00e9f\u00e9rences"}]},{"@type":"WebSite","@id":"https:\/\/www.histoirederawdon.ca\/#website","url":"https:\/\/www.histoirederawdon.ca\/","name":"Histoire de Rawdon","description":"Patrimoine et communaut\u00e9s","publisher":{"@id":"https:\/\/www.histoirederawdon.ca\/#organization"},"potentialAction":[{"@type":"SearchAction","target":{"@type":"EntryPoint","urlTemplate":"https:\/\/www.histoirederawdon.ca\/?s={search_term_string}"},"query-input":{"@type":"PropertyValueSpecification","valueRequired":true,"valueName":"search_term_string"}}],"inLanguage":"en-CA"},{"@type":"Organization","@id":"https:\/\/www.histoirederawdon.ca\/#organization","name":"Soci\u00e9t\u00e9 d'histoire de Rawdon","url":"https:\/\/www.histoirederawdon.ca\/","logo":{"@type":"ImageObject","inLanguage":"en-CA","@id":"https:\/\/www.histoirederawdon.ca\/#\/schema\/logo\/image\/","url":"https:\/\/www.histoirederawdon.ca\/wp-content\/uploads\/2022\/12\/SHR-LOGO-1.png","contentUrl":"https:\/\/www.histoirederawdon.ca\/wp-content\/uploads\/2022\/12\/SHR-LOGO-1.png","width":744,"height":452,"caption":"Soci\u00e9t\u00e9 d'histoire de Rawdon"},"image":{"@id":"https:\/\/www.histoirederawdon.ca\/#\/schema\/logo\/image\/"}}]}},"jetpack_sharing_enabled":true,"_links":{"self":[{"href":"https:\/\/www.histoirederawdon.ca\/en\/wp-json\/wp\/v2\/pages\/74","targetHints":{"allow":["GET"]}}],"collection":[{"href":"https:\/\/www.histoirederawdon.ca\/en\/wp-json\/wp\/v2\/pages"}],"about":[{"href":"https:\/\/www.histoirederawdon.ca\/en\/wp-json\/wp\/v2\/types\/page"}],"author":[{"embeddable":true,"href":"https:\/\/www.histoirederawdon.ca\/en\/wp-json\/wp\/v2\/users\/1"}],"replies":[{"embeddable":true,"href":"https:\/\/www.histoirederawdon.ca\/en\/wp-json\/wp\/v2\/comments?post=74"}],"version-history":[{"count":88,"href":"https:\/\/www.histoirederawdon.ca\/en\/wp-json\/wp\/v2\/pages\/74\/revisions"}],"predecessor-version":[{"id":5159,"href":"https:\/\/www.histoirederawdon.ca\/en\/wp-json\/wp\/v2\/pages\/74\/revisions\/5159"}],"wp:attachment":[{"href":"https:\/\/www.histoirederawdon.ca\/en\/wp-json\/wp\/v2\/media?parent=74"}],"curies":[{"name":"wp","href":"https:\/\/api.w.org\/{rel}","templated":true}]}}